{"id":3972,"date":"2021-04-09T14:59:16","date_gmt":"2021-04-09T14:59:16","guid":{"rendered":"https:\/\/godtime.godloves.me\/?page_id=3972"},"modified":"2024-10-24T12:22:59","modified_gmt":"2024-10-24T12:22:59","slug":"filme-despre-biblie","status":"publish","type":"page","link":"https:\/\/godtime.online\/ro\/filme-despre-biblie\/","title":{"rendered":"FILME despre biblie"},"content":{"rendered":"<p>[et_pb_section fb_built=&#8221;1&#8243; fullwidth=&#8221;on&#8221; _builder_version=&#8221;4.16&#8243; _module_preset=&#8221;default&#8221; da_disable_devices=&#8221;off|off|off&#8221; global_colors_info=&#8221;{}&#8221; da_is_popup=&#8221;off&#8221; da_exit_intent=&#8221;off&#8221; da_has_close=&#8221;on&#8221; da_alt_close=&#8221;off&#8221; da_dark_close=&#8221;off&#8221; da_not_modal=&#8221;on&#8221; da_is_singular=&#8221;off&#8221; da_with_loader=&#8221;off&#8221; da_has_shadow=&#8221;on&#8221;][et_pb_fullwidth_slider _builder_version=&#8221;4.16&#8243; _module_preset=&#8221;default&#8221; global_colors_info=&#8221;{}&#8221;][et_pb_slide heading=&#8221;FILME despre biblie&#8221; _builder_version=&#8221;4.16&#8243; _module_preset=&#8221;default&#8221; header_font=&#8221;Barlow|700|||||||&#8221; header_font_size=&#8221;52px&#8221; header_letter_spacing=&#8221;2px&#8221; header_line_height=&#8221;1.2em&#8221; body_font=&#8221;Barlow|600|||||||&#8221; body_font_size=&#8221;20px&#8221; body_letter_spacing=&#8221;2px&#8221; background_image=&#8221;https:\/\/godtime.godloves.me\/wp-content\/uploads\/2021\/04\/Filme_LUMO_2560_953.jpg&#8221; background_enable_image=&#8221;on&#8221; parallax=&#8221;on&#8221; header_font_size_tablet=&#8221;&#8221; header_font_size_phone=&#8221;42px&#8221; header_font_size_last_edited=&#8221;on|desktop&#8221; body_text_shadow_style=&#8221;preset3&#8243; body_text_shadow_horizontal_length=&#8221;0.1em&#8221; body_text_shadow_vertical_length=&#8221;0.1em&#8221; body_text_shadow_color=&#8221;#000000&#8243; global_colors_info=&#8221;{}&#8221; sticky_transition=&#8221;on&#8221;]Descoper\u0103 mai multe despre Dumnezeu \u0219i planul S\u0103u pentru tine[\/et_pb_slide][\/et_pb_fullwidth_slider][\/et_pb_section][et_pb_section fb_built=&#8221;1&#8243; _builder_version=&#8221;4.16&#8243; _module_preset=&#8221;default&#8221; background_color=&#8221;#DDD5BE&#8221; custom_margin=&#8221;||-30px||false|false&#8221; custom_padding=&#8221;30px||0px||false|false&#8221; da_disable_devices=&#8221;off|off|off&#8221; global_colors_info=&#8221;{}&#8221; da_is_popup=&#8221;off&#8221; da_exit_intent=&#8221;off&#8221; da_has_close=&#8221;on&#8221; da_alt_close=&#8221;off&#8221; da_dark_close=&#8221;off&#8221; da_not_modal=&#8221;on&#8221; da_is_singular=&#8221;off&#8221; da_with_loader=&#8221;off&#8221; da_has_shadow=&#8221;on&#8221;][et_pb_row column_structure=&#8221;1_2,1_2&#8243; _builder_version=&#8221;4.16&#8243; _module_preset=&#8221;default&#8221; custom_margin=&#8221;0px||30px||false|false&#8221; custom_padding=&#8221;30px||30px||false|false&#8221; global_colors_info=&#8221;{}&#8221;][et_pb_column type=&#8221;1_2&#8243; _builder_version=&#8221;4.16&#8243; _module_preset=&#8221;default&#8221; global_colors_info=&#8221;{}&#8221;][et_pb_video src=&#8221;https:\/\/www.youtube.com\/watch?v=KJfrW2QZvfE&#038;list=PLcJVIuhI8isLP5GLatXC023etttYSLDMq&#8221; _builder_version=&#8221;4.27.2&#8243; _module_preset=&#8221;default&#8221; custom_margin=&#8221;30px||0px||false|false&#8221; custom_padding=&#8221;0px||0px||false|false&#8221; global_colors_info=&#8221;{}&#8221;][\/et_pb_video][et_pb_accordion _builder_version=&#8221;4.27.2&#8243; _module_preset=&#8221;default&#8221; custom_margin=&#8221;0px||0px||false|false&#8221; custom_padding=&#8221;30px||0px||false|false&#8221; global_colors_info=&#8221;{}&#8221;][et_pb_accordion_item title=&#8221;EVANGHELIA dup\u0103 MATEI&#8221; open=&#8221;on&#8221; _builder_version=&#8221;4.27.2&#8243; _module_preset=&#8221;default&#8221; body_font=&#8221;Barlow|300|||||||&#8221; body_line_height=&#8221;2em&#8221; link_option_url=&#8221;https:\/\/youtu.be\/UW2u48MFuoE?list=PLcJVIuhI8isIsfKZSh_sj66K87RUE_HkD&#8221; global_colors_info=&#8221;{}&#8221; toggle_font=&#8221;Barlow|500|||||||&#8221; toggle_font_size=&#8221;18px&#8221; toggle_letter_spacing=&#8221;2px&#8221; closed_toggle_font=&#8221;Barlow|300|||||||&#8221; closed_toggle_line_height=&#8221;2em&#8221;]<\/p>\n<p>Matei relateaz\u0103 ce a tr\u0103it cu Isus. El construie\u0219te puntele de leg\u0103tur\u0103 \u00eentre Vechiul \u0219i Noul Testament, pun\u00e2nd accentul pe \u00eemplinirea profe\u021biilor despre Isus.<\/p>\n<p><u><a href=\"https:\/\/www.youtube.com\/playlist?list=PLcJVIuhI8isLP5GLatXC023etttYSLDMq\" target=\"_blank\" rel=\"noopener\">Playlist pe YouTube<\/a><\/u>[\/et_pb_accordion_item][\/et_pb_accordion][\/et_pb_column][et_pb_column type=&#8221;1_2&#8243; _builder_version=&#8221;4.16&#8243; _module_preset=&#8221;default&#8221; global_colors_info=&#8221;{}&#8221;][et_pb_video src=&#8221;https:\/\/www.youtube.com\/watch?v=u71wzyGDm0g&#038;list=PLcJVIuhI8isILwMil-NDSMlfqOaxiiw8M&#8221; _builder_version=&#8221;4.27.2&#8243; _module_preset=&#8221;default&#8221; custom_margin=&#8221;30px||0px||false|false&#8221; custom_padding=&#8221;0px||0px||false|false&#8221; global_colors_info=&#8221;{}&#8221;][\/et_pb_video][et_pb_accordion _builder_version=&#8221;4.27.2&#8243; _module_preset=&#8221;default&#8221; custom_margin=&#8221;0px||0px||false|false&#8221; custom_padding=&#8221;30px||0px||false|false&#8221; global_colors_info=&#8221;{}&#8221;][et_pb_accordion_item title=&#8221;EVANGHELIA dup\u0103 MARCU&#8221; open=&#8221;on&#8221; _builder_version=&#8221;4.27.2&#8243; _module_preset=&#8221;default&#8221; body_font=&#8221;Barlow|300|||||||&#8221; body_line_height=&#8221;2em&#8221; link_option_url=&#8221;https:\/\/youtu.be\/UW2u48MFuoE?list=PLcJVIuhI8isIsfKZSh_sj66K87RUE_HkD&#8221; global_colors_info=&#8221;{}&#8221; toggle_font=&#8221;Barlow|500|||||||&#8221; toggle_font_size=&#8221;18px&#8221; toggle_letter_spacing=&#8221;2px&#8221; closed_toggle_font=&#8221;Barlow|300|||||||&#8221; closed_toggle_line_height=&#8221;2em&#8221;]<\/p>\n<p>Marcu l-a \u00eenso\u021bit pe apostolul Pavel, care a r\u0103sp\u00e2ndit vestea bun\u0103 a m\u00e2ntuirii prin Isus Hristos \u00een Imperiul Roman. Marcu a consemnat lucrarea \u0219i \u00eenv\u0103\u021b\u0103turile lui Iisus Hristos, pentru popula\u021bia non evreiasc\u0103.<\/p>\n<p><u><a href=\"https:\/\/www.youtube.com\/playlist?list=PLcJVIuhI8isILwMil-NDSMlfqOaxiiw8M\" target=\"_blank\" rel=\"noopener\">Playlist pe YouTube<\/a><\/u>[\/et_pb_accordion_item][\/et_pb_accordion][\/et_pb_column][\/et_pb_row][et_pb_row column_structure=&#8221;1_2,1_2&#8243; _builder_version=&#8221;4.16&#8243; _module_preset=&#8221;default&#8221; custom_margin=&#8221;0px||30px||false|false&#8221; custom_padding=&#8221;30px||30px||false|false&#8221; global_colors_info=&#8221;{}&#8221;][et_pb_column type=&#8221;1_2&#8243; _builder_version=&#8221;4.16&#8243; _module_preset=&#8221;default&#8221; global_colors_info=&#8221;{}&#8221;][et_pb_video src=&#8221;https:\/\/www.youtube.com\/watch?v=eRNah_TEWkA&#038;list=PLcJVIuhI8isL4lYON_EKyficNZyy9A7RW&#8221; _builder_version=&#8221;4.27.2&#8243; _module_preset=&#8221;default&#8221; custom_margin=&#8221;30px||0px||false|false&#8221; custom_padding=&#8221;0px||0px||false|false&#8221; global_colors_info=&#8221;{}&#8221;][\/et_pb_video][et_pb_accordion _builder_version=&#8221;4.27.2&#8243; _module_preset=&#8221;default&#8221; custom_margin=&#8221;0px||0px||false|false&#8221; custom_padding=&#8221;30px||0px||false|false&#8221; global_colors_info=&#8221;{}&#8221;][et_pb_accordion_item title=&#8221;EVANGHELIA dup\u0103 LUCA&#8221; open=&#8221;on&#8221; _builder_version=&#8221;4.27.2&#8243; _module_preset=&#8221;default&#8221; body_font=&#8221;Barlow|300|||||||&#8221; body_line_height=&#8221;2em&#8221; link_option_url=&#8221;https:\/\/youtu.be\/_mw-90fwSYE?list=PLcJVIuhI8isIsfKZSh_sj66K87RUE_HkD&#8221; global_colors_info=&#8221;{}&#8221; toggle_font=&#8221;Barlow|500|||||||&#8221; toggle_font_size=&#8221;18px&#8221; toggle_letter_spacing=&#8221;2px&#8221; closed_toggle_font=&#8221;Barlow|300|||||||&#8221; closed_toggle_line_height=&#8221;2em&#8221;]<\/p>\n<p>Luca, un medic grec care a devenit cre\u0219tin, a fost un prieten apropiat al lui Pavel. A scris o relatare de \u00eencredere a vie\u021bii lui Iisus pentru prietenul s\u0103u Teofil, care nu era evreu. Isus este prezentat ca un om perfect \u0219i salvator.<\/p>\n<p><u><a href=\"https:\/\/www.youtube.com\/playlist?list=PLcJVIuhI8isL4lYON_EKyficNZyy9A7RW\" target=\"_blank\" rel=\"noopener\">Playlist pe YouTube<\/a><\/u>[\/et_pb_accordion_item][\/et_pb_accordion][\/et_pb_column][et_pb_column type=&#8221;1_2&#8243; _builder_version=&#8221;4.16&#8243; _module_preset=&#8221;default&#8221; global_colors_info=&#8221;{}&#8221;][et_pb_video src=&#8221;https:\/\/www.youtube.com\/watch?v=AX2Dx2ieIqU&#038;list=PLcJVIuhI8isL1uT5uOib4pBqqcFJOgQ5F&#8221; _builder_version=&#8221;4.27.2&#8243; _module_preset=&#8221;default&#8221; custom_margin=&#8221;30px||0px||false|false&#8221; custom_padding=&#8221;0px||0px||false|false&#8221; global_colors_info=&#8221;{}&#8221;][\/et_pb_video][et_pb_accordion _builder_version=&#8221;4.27.2&#8243; _module_preset=&#8221;default&#8221; custom_margin=&#8221;0px||0px||false|false&#8221; custom_padding=&#8221;30px||0px||false|false&#8221; global_colors_info=&#8221;{}&#8221;][et_pb_accordion_item title=&#8221;EVANGHELIA dup\u0103 IOAN&#8221; open=&#8221;on&#8221; _builder_version=&#8221;4.27.2&#8243; _module_preset=&#8221;default&#8221; body_font=&#8221;Barlow|300|||||||&#8221; body_line_height=&#8221;2em&#8221; link_option_url=&#8221;https:\/\/youtu.be\/_mw-90fwSYE?list=PLcJVIuhI8isIsfKZSh_sj66K87RUE_HkD&#8221; global_colors_info=&#8221;{}&#8221; toggle_font=&#8221;Barlow|500|||||||&#8221; toggle_font_size=&#8221;18px&#8221; toggle_letter_spacing=&#8221;2px&#8221; closed_toggle_font=&#8221;Barlow|300|||||||&#8221; closed_toggle_line_height=&#8221;2em&#8221;]<\/p>\n<p>Ioan, ucenicul lui Isus, a raportat despre Isus pentru a dovedi \u00een mod concludent c\u0103 Iisus este Fiul lui Dumnezeu. Raportul arat\u0103 clar c\u0103 cine crede \u00een Isus are via\u021b\u0103 ve\u0219nic\u0103.<\/p>\n<p><u><a href=\"https:\/\/www.youtube.com\/playlist?list=PLcJVIuhI8isL1uT5uOib4pBqqcFJOgQ5F\" target=\"_blank\" rel=\"noopener\">Playlist pe YouTube<\/a><\/u>[\/et_pb_accordion_item][\/et_pb_accordion][\/et_pb_column][\/et_pb_row][\/et_pb_section][et_pb_section fb_built=&#8221;1&#8243; _builder_version=&#8221;4.16&#8243; _module_preset=&#8221;default&#8221; background_color=&#8221;#DDD5BE&#8221; custom_margin=&#8221;0px||0px||false|false&#8221; custom_padding=&#8221;0px||30px||false|false&#8221; da_disable_devices=&#8221;off|off|off&#8221; global_colors_info=&#8221;{}&#8221; da_is_popup=&#8221;off&#8221; da_exit_intent=&#8221;off&#8221; da_has_close=&#8221;on&#8221; da_alt_close=&#8221;off&#8221; da_dark_close=&#8221;off&#8221; da_not_modal=&#8221;on&#8221; da_is_singular=&#8221;off&#8221; da_with_loader=&#8221;off&#8221; da_has_shadow=&#8221;on&#8221;][et_pb_row _builder_version=&#8221;4.16&#8243; _module_preset=&#8221;default&#8221; custom_margin=&#8221;0px||0px||false|false&#8221; custom_padding=&#8221;30px||0px||false|false&#8221; global_colors_info=&#8221;{}&#8221;][et_pb_column type=&#8221;4_4&#8243; _builder_version=&#8221;4.16&#8243; _module_preset=&#8221;default&#8221; global_colors_info=&#8221;{}&#8221;][et_pb_divider divider_weight=&#8221;2px&#8221; _builder_version=&#8221;4.16&#8243; _module_preset=&#8221;default&#8221; global_colors_info=&#8221;{}&#8221;][\/et_pb_divider][et_pb_text _builder_version=&#8221;4.16&#8243; _module_preset=&#8221;default&#8221; header_font_size=&#8221;55px&#8221; text_orientation=&#8221;center&#8221; custom_margin=&#8221;||||false|false&#8221; custom_padding=&#8221;||||false|false&#8221; text_font_size_tablet=&#8221;&#8221; text_font_size_phone=&#8221;16px&#8221; text_font_size_last_edited=&#8221;on|phone&#8221; header_font_size_tablet=&#8221;42px&#8221; header_font_size_phone=&#8221;42px&#8221; header_font_size_last_edited=&#8221;on|phone&#8221; header_2_font_size_tablet=&#8221;32px&#8221; header_2_font_size_phone=&#8221;26px&#8221; header_2_font_size_last_edited=&#8221;on|phone&#8221; global_colors_info=&#8221;{}&#8221;]<\/p>\n<p><h1>The Chosen<\/h1>\n<h2>De ce s\u0103 \u00eel urmezi pe Isus?<\/h2>\n<\/p>\n<p>[\/et_pb_text][\/et_pb_column][\/et_pb_row][et_pb_row column_structure=&#8221;1_2,1_2&#8243; _builder_version=&#8221;4.16&#8243; _module_preset=&#8221;default&#8221; background_color=&#8221;#DDD5BE&#8221; custom_margin=&#8221;||||false|false&#8221; custom_margin_tablet=&#8221;||||false|false&#8221; custom_margin_phone=&#8221;||||false|false&#8221; custom_margin_last_edited=&#8221;on|desktop&#8221; custom_padding=&#8221;30px||0px||false|false&#8221; animation_style=&#8221;fade&#8221; border_color_all=&#8221;#998269&#8243; global_colors_info=&#8221;{}&#8221;][et_pb_column type=&#8221;1_2&#8243; _builder_version=&#8221;4.16&#8243; _module_preset=&#8221;default&#8221; global_colors_info=&#8221;{}&#8221;][et_pb_image src=&#8221;https:\/\/godtime.godloves.me\/wp-content\/uploads\/2021\/12\/TheChosen_Thumbnail_RO-1-1024&#215;645.jpg&#8221; title_text=&#8221;TheChosen_Thumbnail_RO&#8221; url=&#8221;https:\/\/watch.thechosen.tv\/&#8221; url_new_window=&#8221;on&#8221; _builder_version=&#8221;4.27.2&#8243; _module_preset=&#8221;default&#8221; hover_enabled=&#8221;0&#8243; global_colors_info=&#8221;{}&#8221; sticky_enabled=&#8221;0&#8243;][\/et_pb_image][\/et_pb_column][et_pb_column type=&#8221;1_2&#8243; _builder_version=&#8221;4.16&#8243; _module_preset=&#8221;default&#8221; global_colors_info=&#8221;{}&#8221;][et_pb_accordion _builder_version=&#8221;4.16&#8243; _module_preset=&#8221;default&#8221; toggle_font=&#8221;Red Hat Display||||||||&#8221; closed_toggle_font=&#8221;Barlow||||||||&#8221; closed_toggle_line_height=&#8221;1.4em&#8221; body_font=&#8221;Barlow|300|||||||&#8221; custom_margin=&#8221;30px||0px||false|false&#8221; custom_padding=&#8221;0px||0px||false|false&#8221; closed_toggle_line_height_last_edited=&#8221;off|desktop&#8221; global_colors_info=&#8221;{}&#8221;][et_pb_accordion_item open=&#8221;on&#8221; _builder_version=&#8221;4.16&#8243; _module_preset=&#8221;default&#8221; body_font=&#8221;Barlow|300|||||||&#8221; body_text_align=&#8221;left&#8221; body_line_height=&#8221;2em&#8221; background_color=&#8221;RGBA(255,255,255,0)&#8221; background_enable_color=&#8221;on&#8221; custom_margin=&#8221;0px||0px||false|false&#8221; custom_padding=&#8221;0px||0px||false|false&#8221; body_font_size_last_edited=&#8221;off|desktop&#8221; inline_fonts=&#8221;ABeeZee&#8221; global_colors_info=&#8221;{}&#8221; toggle_font=&#8221;Barlow||||||||&#8221; toggle_font_size=&#8221;17px&#8221; toggle_letter_spacing=&#8221;3px&#8221; toggle_line_height=&#8221;1.5em&#8221; closed_toggle_font=&#8221;Barlow|300|||||||&#8221;]<\/p>\n<p>Serial de televiziune bazat pe via\u021ba lui Iisus din Nazaret.<\/p>\n<p>Seria \u00eel prezint\u0103 pe Iisus prin ochii celor care l-au \u00eent\u00e2lnit. \u00cencearc\u0103 s\u0103 explice de ce oamenii \u0219i-au l\u0103sat vie\u021bile \u00een urm\u0103 pentru a-l urma.<\/p>\n<p>[\/et_pb_accordion_item][\/et_pb_accordion][et_pb_accordion _builder_version=&#8221;4.16&#8243; _module_preset=&#8221;default&#8221; toggle_font=&#8221;Red Hat Display||||||||&#8221; closed_toggle_font=&#8221;Barlow||||||||&#8221; closed_toggle_line_height=&#8221;1.4em&#8221; body_font=&#8221;Barlow|300|||||||&#8221; custom_margin=&#8221;50px||10px||false|false&#8221; custom_padding=&#8221;0px||0px||false|false&#8221; closed_toggle_line_height_last_edited=&#8221;off|desktop&#8221; global_colors_info=&#8221;{}&#8221;][et_pb_accordion_item title=&#8221;urm\u0103ri\u021bi gratuit cu APP&#8221; open=&#8221;on&#8221; _builder_version=&#8221;4.16&#8243; _module_preset=&#8221;default&#8221; body_font=&#8221;Barlow|300|||||||&#8221; body_text_align=&#8221;left&#8221; body_line_height=&#8221;2em&#8221; background_color=&#8221;RGBA(255,255,255,0)&#8221; background_enable_color=&#8221;on&#8221; custom_margin=&#8221;0px||0px||false|false&#8221; custom_padding=&#8221;0px||0px||false|false&#8221; body_font_size_last_edited=&#8221;off|desktop&#8221; inline_fonts=&#8221;ABeeZee&#8221; global_colors_info=&#8221;{}&#8221; toggle_font=&#8221;Barlow||||||||&#8221; toggle_font_size=&#8221;17px&#8221; toggle_letter_spacing=&#8221;3px&#8221; toggle_line_height=&#8221;2em&#8221; closed_toggle_font=&#8221;Barlow|300|||||||&#8221; toggle_letter_spacing_tablet=&#8221;3px&#8221; toggle_letter_spacing_phone=&#8221;2px&#8221; toggle_letter_spacing_last_edited=&#8221;on|phone&#8221;]<\/p>\n<p>Primul sezon poate fi urm\u0103rit cu aplica\u021bia gratuit\u0103 cu subtitrare \u00een limba rom\u00e2n\u0103.<\/p>\n<p>[\/et_pb_accordion_item][\/et_pb_accordion][\/et_pb_column][\/et_pb_row][et_pb_row column_structure=&#8221;1_4,1_4,1_4,1_4&#8243; _builder_version=&#8221;4.16&#8243; _module_preset=&#8221;default&#8221; background_color=&#8221;#DDD5BE&#8221; custom_margin=&#8221;||||false|false&#8221; custom_margin_tablet=&#8221;||||false|false&#8221; custom_margin_phone=&#8221;||||false|false&#8221; custom_margin_last_edited=&#8221;on|desktop&#8221; custom_padding=&#8221;0px||30px||false|false&#8221; border_color_all=&#8221;#998269&#8243; global_colors_info=&#8221;{}&#8221;][et_pb_column type=&#8221;1_4&#8243; _builder_version=&#8221;4.16&#8243; _module_preset=&#8221;default&#8221; global_colors_info=&#8221;{}&#8221;][\/et_pb_column][et_pb_column type=&#8221;1_4&#8243; _builder_version=&#8221;4.16&#8243; _module_preset=&#8221;default&#8221; global_colors_info=&#8221;{}&#8221;][\/et_pb_column][et_pb_column type=&#8221;1_4&#8243; _builder_version=&#8221;4.16&#8243; _module_preset=&#8221;default&#8221; global_colors_info=&#8221;{}&#8221;][et_pb_image src=&#8221;https:\/\/godtime.godloves.me\/wp-content\/uploads\/2021\/03\/Button_GooglePlay_schwarz-300&#215;105.png&#8221; title_text=&#8221;Button_GooglePlay_schwarz&#8221; url=&#8221;https:\/\/play.google.com\/store\/apps\/details?id=net.comeandsee.thechosen&#038;hl=ro&#8221; url_new_window=&#8221;on&#8221; _builder_version=&#8221;4.27.2&#8243; _module_preset=&#8221;default&#8221; width=&#8221;98%&#8221; width_tablet=&#8221;70%&#8221; width_phone=&#8221;50%&#8221; width_last_edited=&#8221;on|phone&#8221; global_colors_info=&#8221;{}&#8221;][\/et_pb_image][\/et_pb_column][et_pb_column type=&#8221;1_4&#8243; _builder_version=&#8221;4.16&#8243; _module_preset=&#8221;default&#8221; global_colors_info=&#8221;{}&#8221;][et_pb_image src=&#8221;https:\/\/godtime.godloves.me\/wp-content\/uploads\/2021\/03\/apple_AppStore-300&#215;104.png&#8221; title_text=&#8221;apple_AppStore&#8221; url=&#8221;https:\/\/apps.apple.com\/ro\/app\/the-chosen\/id6443956656&#8243; url_new_window=&#8221;on&#8221; _builder_version=&#8221;4.27.2&#8243; _module_preset=&#8221;default&#8221; width=&#8221;100%&#8221; width_tablet=&#8221;73%&#8221; width_phone=&#8221;52%&#8221; width_last_edited=&#8221;on|desktop&#8221; custom_margin=&#8221;-6px||||false|false&#8221; global_colors_info=&#8221;{}&#8221;][\/et_pb_image][\/et_pb_column][\/et_pb_row][\/et_pb_section]<\/p>\n","protected":false},"excerpt":{"rendered":"<p>Descoper\u0103 mai multe despre Dumnezeu \u0219i planul S\u0103u pentru tineMatei relateaz\u0103 ce a tr\u0103it cu Isus. El construie\u0219te puntele de leg\u0103tur\u0103 \u00eentre Vechiul \u0219i Noul Testament, pun\u00e2nd accentul pe \u00eemplinirea profe\u021biilor despre Isus. Playlist pe YouTubeMarcu l-a \u00eenso\u021bit pe apostolul Pavel, care a r\u0103sp\u00e2ndit vestea bun\u0103 a m\u00e2ntuirii prin Isus Hristos \u00een Imperiul Roman. Marcu [&hellip;]<\/p>\n","protected":false},"author":186,"featured_media":0,"parent":0,"menu_order":1020,"comment_status":"closed","ping_status":"closed","template":"","meta":{"_et_pb_use_builder":"on","_et_pb_old_content":"","_et_gb_content_width":"","footnotes":""},"class_list":["post-3972","page","type-page","status-publish","hentry"],"yoast_head":"<!-- This site is optimized with the Yoast SEO plugin v27.2 - https:\/\/yoast.com\/product\/yoast-seo-wordpress\/ -->\n<title>FILME despre biblie - GODtime<\/title>\n<meta name=\"robots\" content=\"index, follow, max-snippet:-1, max-image-preview:large, max-video-preview:-1\" \/>\n<link rel=\"canonical\" href=\"https:\/\/godtime.online\/ro\/filme-despre-biblie\/\" \/>\n<meta property=\"og:locale\" content=\"ro_RO\" \/>\n<meta property=\"og:type\" content=\"article\" \/>\n<meta property=\"og:title\" content=\"FILME despre biblie - GODtime\" \/>\n<meta property=\"og:description\" content=\"Descoper\u0103 mai multe despre Dumnezeu \u0219i planul S\u0103u pentru tineMatei relateaz\u0103 ce a tr\u0103it cu Isus. El construie\u0219te puntele de leg\u0103tur\u0103 \u00eentre Vechiul \u0219i Noul Testament, pun\u00e2nd accentul pe \u00eemplinirea profe\u021biilor despre Isus. Playlist pe YouTubeMarcu l-a \u00eenso\u021bit pe apostolul Pavel, care a r\u0103sp\u00e2ndit vestea bun\u0103 a m\u00e2ntuirii prin Isus Hristos \u00een Imperiul Roman. Marcu [&hellip;]\" \/>\n<meta property=\"og:url\" content=\"https:\/\/godtime.online\/ro\/filme-despre-biblie\/\" \/>\n<meta property=\"og:site_name\" content=\"GODtime\" \/>\n<meta property=\"article:modified_time\" content=\"2024-10-24T12:22:59+00:00\" \/>\n<meta name=\"twitter:card\" content=\"summary_large_image\" \/>\n<meta name=\"twitter:label1\" content=\"Timp estimat pentru citire\" \/>\n\t<meta name=\"twitter:data1\" content=\"10 minute\" \/>\n<script type=\"application\/ld+json\" class=\"yoast-schema-graph\">{\"@context\":\"https:\/\/schema.org\",\"@graph\":[{\"@type\":\"WebPage\",\"@id\":\"https:\/\/godtime.online\/ro\/filme-despre-biblie\/\",\"url\":\"https:\/\/godtime.online\/ro\/filme-despre-biblie\/\",\"name\":\"FILME despre biblie - GODtime\",\"isPartOf\":{\"@id\":\"https:\/\/godtime.online\/#website\"},\"datePublished\":\"2021-04-09T14:59:16+00:00\",\"dateModified\":\"2024-10-24T12:22:59+00:00\",\"breadcrumb\":{\"@id\":\"https:\/\/godtime.online\/ro\/filme-despre-biblie\/#breadcrumb\"},\"inLanguage\":\"ro-RO\",\"potentialAction\":[{\"@type\":\"ReadAction\",\"target\":[\"https:\/\/godtime.online\/ro\/filme-despre-biblie\/\"]}]},{\"@type\":\"BreadcrumbList\",\"@id\":\"https:\/\/godtime.online\/ro\/filme-despre-biblie\/#breadcrumb\",\"itemListElement\":[{\"@type\":\"ListItem\",\"position\":1,\"name\":\"Startseite\",\"item\":\"https:\/\/godtime.online\/ro\/\"},{\"@type\":\"ListItem\",\"position\":2,\"name\":\"FILME despre biblie\"}]},{\"@type\":\"WebSite\",\"@id\":\"https:\/\/godtime.online\/#website\",\"url\":\"https:\/\/godtime.online\/\",\"name\":\"GODtime\",\"description\":\"Cursuri de Biblie\",\"potentialAction\":[{\"@type\":\"SearchAction\",\"target\":{\"@type\":\"EntryPoint\",\"urlTemplate\":\"https:\/\/godtime.online\/?s={search_term_string}\"},\"query-input\":{\"@type\":\"PropertyValueSpecification\",\"valueRequired\":true,\"valueName\":\"search_term_string\"}}],\"inLanguage\":\"ro-RO\"}]}<\/script>\n<!-- \/ Yoast SEO plugin. -->","yoast_head_json":{"title":"FILME despre biblie - GODtime","robots":{"index":"index","follow":"follow","max-snippet":"max-snippet:-1","max-image-preview":"max-image-preview:large","max-video-preview":"max-video-preview:-1"},"canonical":"https:\/\/godtime.online\/ro\/filme-despre-biblie\/","og_locale":"ro_RO","og_type":"article","og_title":"FILME despre biblie - GODtime","og_description":"Descoper\u0103 mai multe despre Dumnezeu \u0219i planul S\u0103u pentru tineMatei relateaz\u0103 ce a tr\u0103it cu Isus. El construie\u0219te puntele de leg\u0103tur\u0103 \u00eentre Vechiul \u0219i Noul Testament, pun\u00e2nd accentul pe \u00eemplinirea profe\u021biilor despre Isus. Playlist pe YouTubeMarcu l-a \u00eenso\u021bit pe apostolul Pavel, care a r\u0103sp\u00e2ndit vestea bun\u0103 a m\u00e2ntuirii prin Isus Hristos \u00een Imperiul Roman. Marcu [&hellip;]","og_url":"https:\/\/godtime.online\/ro\/filme-despre-biblie\/","og_site_name":"GODtime","article_modified_time":"2024-10-24T12:22:59+00:00","twitter_card":"summary_large_image","twitter_misc":{"Timp estimat pentru citire":"10 minute"},"schema":{"@context":"https:\/\/schema.org","@graph":[{"@type":"WebPage","@id":"https:\/\/godtime.online\/ro\/filme-despre-biblie\/","url":"https:\/\/godtime.online\/ro\/filme-despre-biblie\/","name":"FILME despre biblie - GODtime","isPartOf":{"@id":"https:\/\/godtime.online\/#website"},"datePublished":"2021-04-09T14:59:16+00:00","dateModified":"2024-10-24T12:22:59+00:00","breadcrumb":{"@id":"https:\/\/godtime.online\/ro\/filme-despre-biblie\/#breadcrumb"},"inLanguage":"ro-RO","potentialAction":[{"@type":"ReadAction","target":["https:\/\/godtime.online\/ro\/filme-despre-biblie\/"]}]},{"@type":"BreadcrumbList","@id":"https:\/\/godtime.online\/ro\/filme-despre-biblie\/#breadcrumb","itemListElement":[{"@type":"ListItem","position":1,"name":"Startseite","item":"https:\/\/godtime.online\/ro\/"},{"@type":"ListItem","position":2,"name":"FILME despre biblie"}]},{"@type":"WebSite","@id":"https:\/\/godtime.online\/#website","url":"https:\/\/godtime.online\/","name":"GODtime","description":"Cursuri de Biblie","potentialAction":[{"@type":"SearchAction","target":{"@type":"EntryPoint","urlTemplate":"https:\/\/godtime.online\/?s={search_term_string}"},"query-input":{"@type":"PropertyValueSpecification","valueRequired":true,"valueName":"search_term_string"}}],"inLanguage":"ro-RO"}]}},"_links":{"self":[{"href":"https:\/\/godtime.online\/ro\/wp-json\/wp\/v2\/pages\/3972","targetHints":{"allow":["GET"]}}],"collection":[{"href":"https:\/\/godtime.online\/ro\/wp-json\/wp\/v2\/pages"}],"about":[{"href":"https:\/\/godtime.online\/ro\/wp-json\/wp\/v2\/types\/page"}],"author":[{"embeddable":true,"href":"https:\/\/godtime.online\/ro\/wp-json\/wp\/v2\/users\/186"}],"replies":[{"embeddable":true,"href":"https:\/\/godtime.online\/ro\/wp-json\/wp\/v2\/comments?post=3972"}],"version-history":[{"count":13,"href":"https:\/\/godtime.online\/ro\/wp-json\/wp\/v2\/pages\/3972\/revisions"}],"predecessor-version":[{"id":21147,"href":"https:\/\/godtime.online\/ro\/wp-json\/wp\/v2\/pages\/3972\/revisions\/21147"}],"wp:attachment":[{"href":"https:\/\/godtime.online\/ro\/wp-json\/wp\/v2\/media?parent=3972"}],"curies":[{"name":"wp","href":"https:\/\/api.w.org\/{rel}","templated":true}]}}