{"id":11794,"date":"2021-11-24T10:40:38","date_gmt":"2021-11-24T10:40:38","guid":{"rendered":"https:\/\/godtime.godloves.me\/parteneriate\/"},"modified":"2022-01-31T10:06:55","modified_gmt":"2022-01-31T10:06:55","slug":"parteneriate","status":"publish","type":"page","link":"https:\/\/godtime.online\/ro\/parteneriate\/","title":{"rendered":"Parteneriate"},"content":{"rendered":"<p>[et_pb_section fb_built=&#8221;1&#8243; fullwidth=&#8221;on&#8221; _builder_version=&#8221;4.11.2&#8243; _module_preset=&#8221;default&#8221; background_enable_image=&#8221;off&#8221; global_colors_info=&#8221;{}&#8221;][et_pb_fullwidth_slider _builder_version=&#8221;4.11.2&#8243; _module_preset=&#8221;default&#8221; background_enable_image=&#8221;off&#8221; custom_padding=&#8221;137px|||||&#8221; background_last_edited=&#8221;on|desktop&#8221; background_enable_image_phone=&#8221;off&#8221; global_colors_info=&#8221;{}&#8221;][et_pb_slide heading=&#8221;Parteneriate&#8221; _builder_version=&#8221;4.11.2&#8243; _module_preset=&#8221;default&#8221; header_level=&#8221;h2&#8243; header_font=&#8221;Barlow|700|||||||&#8221; header_font_size=&#8221;60px&#8221; header_letter_spacing=&#8221;2px&#8221; header_line_height=&#8221;1.2em&#8221; body_font=&#8221;Barlow|500|||||||&#8221; body_text_color=&#8221;#FFFFFF&#8221; body_font_size=&#8221;22px&#8221; body_letter_spacing=&#8221;1px&#8221; background_image=&#8221;https:\/\/godtime.godloves.me\/wp-content\/uploads\/2021\/10\/Partenerschaften_2560_930-1.jpg&#8221; background_enable_image=&#8221;on&#8221; custom_padding=&#8221;||||false|false&#8221; custom_padding_tablet=&#8221;||||false|false&#8221; custom_padding_phone=&#8221;100px||100px||false|false&#8221; custom_padding_last_edited=&#8221;on|phone&#8221; header_font_size_tablet=&#8221;60px&#8221; header_font_size_phone=&#8221;36px&#8221; header_font_size_last_edited=&#8221;on|phone&#8221; header_letter_spacing_tablet=&#8221;&#8221; header_letter_spacing_phone=&#8221;1px&#8221; header_letter_spacing_last_edited=&#8221;on|desktop&#8221; header_line_height_tablet=&#8221;&#8221; header_line_height_phone=&#8221;&#8221; header_line_height_last_edited=&#8221;on|phone&#8221; body_font_size_tablet=&#8221;22px&#8221; body_font_size_phone=&#8221;19px&#8221; body_font_size_last_edited=&#8221;on|tablet&#8221; background_last_edited=&#8221;on|phone&#8221; background_image_tablet=&#8221;https:\/\/godtime.godloves.me\/wp-content\/uploads\/2021\/10\/Partenerschaften_2560_930-1.jpg&#8221; background_image_phone=&#8221;https:\/\/godtime.godloves.me\/wp-content\/uploads\/2021\/10\/Partenerschaften_2000_900.jpg&#8221; background_enable_image_tablet=&#8221;on&#8221; background_enable_image_phone=&#8221;on&#8221; parallax_tablet=&#8221;off&#8221; parallax_phone=&#8221;off&#8221; header_text_shadow_style=&#8221;preset3&#8243; header_text_shadow_horizontal_length=&#8221;0.1em&#8221; header_text_shadow_vertical_length=&#8221;0.1em&#8221; header_text_shadow_color=&#8221;#000000&#8243; body_text_shadow_style=&#8221;preset3&#8243; body_text_shadow_horizontal_length=&#8221;0.1em&#8221; body_text_shadow_vertical_length=&#8221;0.1em&#8221; body_text_shadow_color=&#8221;#000000&#8243; global_colors_info=&#8221;{}&#8221; sticky_transition=&#8221;on&#8221;]<\/p>\n<p>Re\u021beaua noastr\u0103 pentru a conecta oamenii cu Dumnezeu<\/p>\n<p>[\/et_pb_slide][\/et_pb_fullwidth_slider][\/et_pb_section][et_pb_section fb_built=&#8221;1&#8243; _builder_version=&#8221;4.8.1&#8243; _module_preset=&#8221;default&#8221; background_color=&#8221;#DDD5BE&#8221; custom_padding=&#8221;30px||32px|||&#8221; global_colors_info=&#8221;{}&#8221;][et_pb_row _builder_version=&#8221;4.8.1&#8243; _module_preset=&#8221;default&#8221; background_color=&#8221;#DDD5BE&#8221; custom_margin=&#8221;||||false|false&#8221; custom_margin_tablet=&#8221;||||false|false&#8221; custom_margin_phone=&#8221;||||false|false&#8221; custom_margin_last_edited=&#8221;on|desktop&#8221; custom_padding=&#8221;30px||30px||false|false&#8221; border_color_all=&#8221;#998269&#8243; global_colors_info=&#8221;{}&#8221;][et_pb_column type=&#8221;4_4&#8243; _builder_version=&#8221;4.11.2&#8243; _module_preset=&#8221;default&#8221; global_colors_info=&#8221;{}&#8221;][et_pb_text _builder_version=&#8221;4.14.1&#8243; _module_preset=&#8221;default&#8221; text_line_height=&#8221;2em&#8221; global_colors_info=&#8221;{}&#8221;]<\/p>\n<p>\u00cen calitate de organiza\u021bie misionar\u0103 msd, credem c\u0103 Dumnezeu \u00ee\u0219i construie\u0219te biserica la nivel local. De aceea, nu trimitem misionari proprii \u00een \u021b\u0103rile noastre \u021bint\u0103, ci lucr\u0103m \u00eendeaproape cu cre\u0219tinii, bisericile \u0219i organiza\u021biile locale, astfel \u00eenc\u00e2t oamenii s\u0103 \u00eel experimenteze pe Dumnezeu personal.<br \/>\nRe\u021beaua noastr\u0103 ne permite s\u0103 furniz\u0103m literatur\u0103, canale digitale \u0219i sprijin practic pentru activitatea de pe teren.\n<\/p>\n<p>[\/et_pb_text][et_pb_text _builder_version=&#8221;4.14.1&#8243; _module_preset=&#8221;default&#8221; header_2_font_size=&#8221;32px&#8221; header_2_font_size_tablet=&#8221;32px&#8221; header_2_font_size_phone=&#8221;32px&#8221; header_2_font_size_last_edited=&#8221;on|tablet&#8221; global_colors_info=&#8221;{}&#8221;]<\/p>\n<p><h2>Companii<\/h2>\n<\/p>\n<p>[\/et_pb_text][\/et_pb_column][\/et_pb_row][et_pb_row column_structure=&#8221;1_3,1_3,1_3&#8243; _builder_version=&#8221;4.11.2&#8243; _module_preset=&#8221;default&#8221; custom_padding=&#8221;0px||0px||false|false&#8221; global_colors_info=&#8221;{}&#8221;][et_pb_column type=&#8221;1_3&#8243; _builder_version=&#8221;4.11.2&#8243; _module_preset=&#8221;default&#8221; global_colors_info=&#8221;{}&#8221;][et_pb_image src=&#8221;https:\/\/godtime.godloves.me\/wp-content\/uploads\/2021\/10\/its_logo-300&#215;68.png&#8221; title_text=&#8221;its_logo&#8221; url=&#8221;https:\/\/www.it-to-serve.ch\/&#8221; url_new_window=&#8221;on&#8221; _builder_version=&#8221;4.11.2&#8243; _module_preset=&#8221;default&#8221; width=&#8221;75%&#8221; custom_margin=&#8221;40px||60px||false|false&#8221; global_colors_info=&#8221;{}&#8221;][\/et_pb_image][et_pb_image src=&#8221;https:\/\/godtime.godloves.me\/wp-content\/uploads\/2021\/10\/bibletunes_logo_grey_v3-300&#215;107.png&#8221; title_text=&#8221;bibletunes_logo_grey_v3&#8243; url=&#8221;http:\/\/bibletunes.de\/&#8221; url_new_window=&#8221;on&#8221; _builder_version=&#8221;4.14.1&#8243; _module_preset=&#8221;default&#8221; module_alignment=&#8221;left&#8221; custom_padding=&#8221;||||false|false&#8221; global_colors_info=&#8221;{}&#8221;][\/et_pb_image][et_pb_image src=&#8221;https:\/\/godtime.godloves.me\/wp-content\/uploads\/2021\/10\/dmd_logo-300&#215;69.webp&#8221; title_text=&#8221;dmd_logo&#8221; url=&#8221;https:\/\/www.dmd-productions.ch&#8221; url_new_window=&#8221;on&#8221; _builder_version=&#8221;4.11.2&#8243; _module_preset=&#8221;default&#8221; global_colors_info=&#8221;{}&#8221;][\/et_pb_image][\/et_pb_column][et_pb_column type=&#8221;1_3&#8243; _builder_version=&#8221;4.11.2&#8243; _module_preset=&#8221;default&#8221; global_colors_info=&#8221;{}&#8221;][et_pb_image src=&#8221;https:\/\/godtime.godloves.me\/wp-content\/uploads\/2021\/10\/biblica_logo_tagline_stacked_right_blue-300&#215;88.png&#8221; title_text=&#8221;biblica_logo_tagline_stacked_right_blue&#8221; url=&#8221;https:\/\/www.biblica.com\/&#8221; url_new_window=&#8221;on&#8221; _builder_version=&#8221;4.11.2&#8243; _module_preset=&#8221;default&#8221; custom_margin=&#8221;30px||30px||false|false&#8221; global_colors_info=&#8221;{}&#8221;][\/et_pb_image][et_pb_image src=&#8221;https:\/\/godtime.godloves.me\/wp-content\/uploads\/2021\/10\/Biblia_logo.png&#8221; title_text=&#8221;Biblia_logo&#8221; url=&#8221;https:\/\/biblia.pt\/&#8221; url_new_window=&#8221;on&#8221; _builder_version=&#8221;4.11.2&#8243; _module_preset=&#8221;default&#8221; width=&#8221;70%&#8221; custom_margin=&#8221;50px||||false|false&#8221; global_colors_info=&#8221;{}&#8221;][\/et_pb_image][\/et_pb_column][et_pb_column type=&#8221;1_3&#8243; _builder_version=&#8221;4.11.2&#8243; _module_preset=&#8221;default&#8221; global_colors_info=&#8221;{}&#8221;][et_pb_image src=&#8221;https:\/\/godtime.godloves.me\/wp-content\/uploads\/2021\/10\/YouVersion_logo1-300&#215;83.png&#8221; title_text=&#8221;YouVersion_logo1&#8243; url=&#8221;https:\/\/www.bible.com\/de&#8221; url_new_window=&#8221;on&#8221; _builder_version=&#8221;4.11.2&#8243; _module_preset=&#8221;default&#8221; custom_margin=&#8221;37px||40px||false|false&#8221; global_colors_info=&#8221;{}&#8221;][\/et_pb_image][et_pb_image src=&#8221;https:\/\/godtime.godloves.me\/wp-content\/uploads\/2021\/10\/1200px-BibleServer-logo-300&#215;90.png&#8221; title_text=&#8221;1200px-BibleServer-logo&#8221; url=&#8221;https:\/\/www.bibleserver.com\/&#8221; url_new_window=&#8221;on&#8221; _builder_version=&#8221;4.11.2&#8243; _module_preset=&#8221;default&#8221; global_colors_info=&#8221;{}&#8221;][\/et_pb_image][et_pb_image src=&#8221;https:\/\/godtime.godloves.me\/wp-content\/uploads\/2021\/10\/white-on-blue-300&#215;104.png&#8221; title_text=&#8221;white-on-blue&#8221; url=&#8221;https:\/\/dasbibelprojekt.visiomedia.org\/&#8221; url_new_window=&#8221;on&#8221; _builder_version=&#8221;4.11.2&#8243; _module_preset=&#8221;default&#8221; global_colors_info=&#8221;{}&#8221;][\/et_pb_image][\/et_pb_column][\/et_pb_row][et_pb_row _builder_version=&#8221;4.11.2&#8243; _module_preset=&#8221;default&#8221; custom_margin=&#8221;0px||0px||false|false&#8221; custom_padding=&#8221;0px||0px||false|false&#8221; global_colors_info=&#8221;{}&#8221;][et_pb_column type=&#8221;4_4&#8243; _builder_version=&#8221;4.11.2&#8243; _module_preset=&#8221;default&#8221; global_colors_info=&#8221;{}&#8221;][et_pb_text _builder_version=&#8221;4.14.1&#8243; _module_preset=&#8221;default&#8221; header_2_font_size=&#8221;33px&#8221; header_2_font_size_tablet=&#8221;33px&#8221; header_2_font_size_phone=&#8221;33px&#8221; header_2_font_size_last_edited=&#8221;on|desktop&#8221; global_colors_info=&#8221;{}&#8221;]<\/p>\n<h2>Ministere<\/h2>\n<\/p>\n<p>[\/et_pb_text][\/et_pb_column][\/et_pb_row][et_pb_row column_structure=&#8221;1_3,1_3,1_3&#8243; _builder_version=&#8221;4.11.2&#8243; _module_preset=&#8221;default&#8221; custom_padding=&#8221;0px||0px||false|false&#8221; global_colors_info=&#8221;{}&#8221;][et_pb_column type=&#8221;1_3&#8243; _builder_version=&#8221;4.11.2&#8243; _module_preset=&#8221;default&#8221; global_colors_info=&#8221;{}&#8221;][et_pb_image src=&#8221;https:\/\/godtime.godloves.me\/wp-content\/uploads\/2021\/10\/billy-graham-evengelical-mission-300&#215;130.png&#8221; title_text=&#8221;billy-graham-evengelical-mission&#8221; url=&#8221;https:\/\/billygraham.org\/&#8221; url_new_window=&#8221;on&#8221; _builder_version=&#8221;4.11.2&#8243; _module_preset=&#8221;default&#8221; width=&#8221;70%&#8221; global_colors_info=&#8221;{}&#8221;][\/et_pb_image][\/et_pb_column][et_pb_column type=&#8221;1_3&#8243; _builder_version=&#8221;4.11.2&#8243; _module_preset=&#8221;default&#8221; global_colors_info=&#8221;{}&#8221;][et_pb_image src=&#8221;https:\/\/godtime.godloves.me\/wp-content\/uploads\/2021\/10\/gfc_ostmission_logo.jpg&#8221; title_text=&#8221;gfc_ostmission_logo&#8221; url=&#8221;https:\/\/www.citestebiblia.com\/&#8221; url_new_window=&#8221;on&#8221; _builder_version=&#8221;4.14.6&#8243; _module_preset=&#8221;default&#8221; custom_margin=&#8221;30px||||false|false&#8221; hover_enabled=&#8221;0&#8243; global_colors_info=&#8221;{}&#8221; sticky_enabled=&#8221;0&#8243;][\/et_pb_image][\/et_pb_column][et_pb_column type=&#8221;1_3&#8243; _builder_version=&#8221;4.11.2&#8243; _module_preset=&#8221;default&#8221; global_colors_info=&#8221;{}&#8221;][\/et_pb_column][\/et_pb_row][\/et_pb_section]<\/p>\n","protected":false},"excerpt":{"rendered":"<p>Re\u021beaua noastr\u0103 pentru a conecta oamenii cu Dumnezeu\u00cen calitate de organiza\u021bie misionar\u0103 msd, credem c\u0103 Dumnezeu \u00ee\u0219i construie\u0219te biserica la nivel local. De aceea, nu trimitem misionari proprii \u00een \u021b\u0103rile noastre \u021bint\u0103, ci lucr\u0103m \u00eendeaproape cu cre\u0219tinii, bisericile \u0219i organiza\u021biile locale, astfel \u00eenc\u00e2t oamenii s\u0103 \u00eel experimenteze pe Dumnezeu personal. Re\u021beaua noastr\u0103 ne permite s\u0103 [&hellip;]<\/p>\n","protected":false},"author":186,"featured_media":0,"parent":0,"menu_order":11,"comment_status":"closed","ping_status":"closed","template":"","meta":{"_et_pb_use_builder":"on","_et_pb_old_content":"","_et_gb_content_width":"","footnotes":""},"class_list":["post-11794","page","type-page","status-publish","hentry"],"yoast_head":"<!-- This site is optimized with the Yoast SEO plugin v27.2 - https:\/\/yoast.com\/product\/yoast-seo-wordpress\/ -->\n<title>Parteneriate - GODtime<\/title>\n<meta name=\"robots\" content=\"index, follow, max-snippet:-1, max-image-preview:large, max-video-preview:-1\" \/>\n<link rel=\"canonical\" href=\"https:\/\/godtime.online\/partnerschaften\/\" \/>\n<meta property=\"og:locale\" content=\"ro_RO\" \/>\n<meta property=\"og:type\" content=\"article\" \/>\n<meta property=\"og:title\" content=\"Parteneriate - GODtime\" \/>\n<meta property=\"og:description\" content=\"Re\u021beaua noastr\u0103 pentru a conecta oamenii cu Dumnezeu\u00cen calitate de organiza\u021bie misionar\u0103 msd, credem c\u0103 Dumnezeu \u00ee\u0219i construie\u0219te biserica la nivel local. De aceea, nu trimitem misionari proprii \u00een \u021b\u0103rile noastre \u021bint\u0103, ci lucr\u0103m \u00eendeaproape cu cre\u0219tinii, bisericile \u0219i organiza\u021biile locale, astfel \u00eenc\u00e2t oamenii s\u0103 \u00eel experimenteze pe Dumnezeu personal. Re\u021beaua noastr\u0103 ne permite s\u0103 [&hellip;]\" \/>\n<meta property=\"og:url\" content=\"https:\/\/godtime.online\/partnerschaften\/\" \/>\n<meta property=\"og:site_name\" content=\"GODtime\" \/>\n<meta property=\"article:modified_time\" content=\"2022-01-31T10:06:55+00:00\" \/>\n<meta name=\"twitter:card\" content=\"summary_large_image\" \/>\n<meta name=\"twitter:label1\" content=\"Timp estimat pentru citire\" \/>\n\t<meta name=\"twitter:data1\" content=\"6 minute\" \/>\n<script type=\"application\/ld+json\" class=\"yoast-schema-graph\">{\"@context\":\"https:\/\/schema.org\",\"@graph\":[{\"@type\":\"WebPage\",\"@id\":\"https:\/\/godtime.online\/partnerschaften\/\",\"url\":\"https:\/\/godtime.online\/partnerschaften\/\",\"name\":\"Parteneriate - GODtime\",\"isPartOf\":{\"@id\":\"https:\/\/godtime.online\/#website\"},\"datePublished\":\"2021-11-24T10:40:38+00:00\",\"dateModified\":\"2022-01-31T10:06:55+00:00\",\"breadcrumb\":{\"@id\":\"https:\/\/godtime.online\/partnerschaften\/#breadcrumb\"},\"inLanguage\":\"ro-RO\",\"potentialAction\":[{\"@type\":\"ReadAction\",\"target\":[\"https:\/\/godtime.online\/partnerschaften\/\"]}]},{\"@type\":\"BreadcrumbList\",\"@id\":\"https:\/\/godtime.online\/partnerschaften\/#breadcrumb\",\"itemListElement\":[{\"@type\":\"ListItem\",\"position\":1,\"name\":\"Startseite\",\"item\":\"https:\/\/godtime.online\/ro\/\"},{\"@type\":\"ListItem\",\"position\":2,\"name\":\"Parteneriate\"}]},{\"@type\":\"WebSite\",\"@id\":\"https:\/\/godtime.online\/#website\",\"url\":\"https:\/\/godtime.online\/\",\"name\":\"GODtime\",\"description\":\"Cursuri de Biblie\",\"potentialAction\":[{\"@type\":\"SearchAction\",\"target\":{\"@type\":\"EntryPoint\",\"urlTemplate\":\"https:\/\/godtime.online\/?s={search_term_string}\"},\"query-input\":{\"@type\":\"PropertyValueSpecification\",\"valueRequired\":true,\"valueName\":\"search_term_string\"}}],\"inLanguage\":\"ro-RO\"}]}<\/script>\n<!-- \/ Yoast SEO plugin. -->","yoast_head_json":{"title":"Parteneriate - GODtime","robots":{"index":"index","follow":"follow","max-snippet":"max-snippet:-1","max-image-preview":"max-image-preview:large","max-video-preview":"max-video-preview:-1"},"canonical":"https:\/\/godtime.online\/partnerschaften\/","og_locale":"ro_RO","og_type":"article","og_title":"Parteneriate - GODtime","og_description":"Re\u021beaua noastr\u0103 pentru a conecta oamenii cu Dumnezeu\u00cen calitate de organiza\u021bie misionar\u0103 msd, credem c\u0103 Dumnezeu \u00ee\u0219i construie\u0219te biserica la nivel local. De aceea, nu trimitem misionari proprii \u00een \u021b\u0103rile noastre \u021bint\u0103, ci lucr\u0103m \u00eendeaproape cu cre\u0219tinii, bisericile \u0219i organiza\u021biile locale, astfel \u00eenc\u00e2t oamenii s\u0103 \u00eel experimenteze pe Dumnezeu personal. Re\u021beaua noastr\u0103 ne permite s\u0103 [&hellip;]","og_url":"https:\/\/godtime.online\/partnerschaften\/","og_site_name":"GODtime","article_modified_time":"2022-01-31T10:06:55+00:00","twitter_card":"summary_large_image","twitter_misc":{"Timp estimat pentru citire":"6 minute"},"schema":{"@context":"https:\/\/schema.org","@graph":[{"@type":"WebPage","@id":"https:\/\/godtime.online\/partnerschaften\/","url":"https:\/\/godtime.online\/partnerschaften\/","name":"Parteneriate - GODtime","isPartOf":{"@id":"https:\/\/godtime.online\/#website"},"datePublished":"2021-11-24T10:40:38+00:00","dateModified":"2022-01-31T10:06:55+00:00","breadcrumb":{"@id":"https:\/\/godtime.online\/partnerschaften\/#breadcrumb"},"inLanguage":"ro-RO","potentialAction":[{"@type":"ReadAction","target":["https:\/\/godtime.online\/partnerschaften\/"]}]},{"@type":"BreadcrumbList","@id":"https:\/\/godtime.online\/partnerschaften\/#breadcrumb","itemListElement":[{"@type":"ListItem","position":1,"name":"Startseite","item":"https:\/\/godtime.online\/ro\/"},{"@type":"ListItem","position":2,"name":"Parteneriate"}]},{"@type":"WebSite","@id":"https:\/\/godtime.online\/#website","url":"https:\/\/godtime.online\/","name":"GODtime","description":"Cursuri de Biblie","potentialAction":[{"@type":"SearchAction","target":{"@type":"EntryPoint","urlTemplate":"https:\/\/godtime.online\/?s={search_term_string}"},"query-input":{"@type":"PropertyValueSpecification","valueRequired":true,"valueName":"search_term_string"}}],"inLanguage":"ro-RO"}]}},"_links":{"self":[{"href":"https:\/\/godtime.online\/ro\/wp-json\/wp\/v2\/pages\/11794","targetHints":{"allow":["GET"]}}],"collection":[{"href":"https:\/\/godtime.online\/ro\/wp-json\/wp\/v2\/pages"}],"about":[{"href":"https:\/\/godtime.online\/ro\/wp-json\/wp\/v2\/types\/page"}],"author":[{"embeddable":true,"href":"https:\/\/godtime.online\/ro\/wp-json\/wp\/v2\/users\/186"}],"replies":[{"embeddable":true,"href":"https:\/\/godtime.online\/ro\/wp-json\/wp\/v2\/comments?post=11794"}],"version-history":[{"count":0,"href":"https:\/\/godtime.online\/ro\/wp-json\/wp\/v2\/pages\/11794\/revisions"}],"wp:attachment":[{"href":"https:\/\/godtime.online\/ro\/wp-json\/wp\/v2\/media?parent=11794"}],"curies":[{"name":"wp","href":"https:\/\/api.w.org\/{rel}","templated":true}]}}