{"id":11791,"date":"2021-11-24T10:38:22","date_gmt":"2021-11-24T10:38:22","guid":{"rendered":"https:\/\/godtime.godloves.me\/parcerias\/"},"modified":"2022-01-26T08:10:53","modified_gmt":"2022-01-26T08:10:53","slug":"parcerias","status":"publish","type":"page","link":"https:\/\/godtime.online\/pt-pt\/parcerias\/","title":{"rendered":"Parcerias"},"content":{"rendered":"<p>[et_pb_section fb_built=&#8221;1&#8243; fullwidth=&#8221;on&#8221; _builder_version=&#8221;4.11.2&#8243; _module_preset=&#8221;default&#8221; background_enable_image=&#8221;off&#8221; global_colors_info=&#8221;{}&#8221;][et_pb_fullwidth_slider _builder_version=&#8221;4.11.2&#8243; _module_preset=&#8221;default&#8221; background_enable_image=&#8221;off&#8221; custom_padding=&#8221;137px|||||&#8221; background_last_edited=&#8221;on|desktop&#8221; background_enable_image_phone=&#8221;off&#8221; global_colors_info=&#8221;{}&#8221;][et_pb_slide heading=&#8221;Parcerias&#8221; _builder_version=&#8221;4.11.2&#8243; _module_preset=&#8221;default&#8221; header_level=&#8221;h2&#8243; header_font=&#8221;Barlow|700|||||||&#8221; header_font_size=&#8221;60px&#8221; header_letter_spacing=&#8221;2px&#8221; header_line_height=&#8221;1.2em&#8221; body_font=&#8221;Barlow|500|||||||&#8221; body_text_color=&#8221;#FFFFFF&#8221; body_font_size=&#8221;22px&#8221; body_letter_spacing=&#8221;1px&#8221; background_image=&#8221;https:\/\/godtime.godloves.me\/wp-content\/uploads\/2021\/10\/Partenerschaften_2560_930-1.jpg&#8221; background_enable_image=&#8221;on&#8221; custom_padding=&#8221;||||false|false&#8221; custom_padding_tablet=&#8221;||||false|false&#8221; custom_padding_phone=&#8221;100px||100px||false|false&#8221; custom_padding_last_edited=&#8221;on|phone&#8221; header_font_size_tablet=&#8221;60px&#8221; header_font_size_phone=&#8221;36px&#8221; header_font_size_last_edited=&#8221;on|phone&#8221; header_letter_spacing_tablet=&#8221;&#8221; header_letter_spacing_phone=&#8221;1px&#8221; header_letter_spacing_last_edited=&#8221;on|desktop&#8221; header_line_height_tablet=&#8221;&#8221; header_line_height_phone=&#8221;&#8221; header_line_height_last_edited=&#8221;on|phone&#8221; body_font_size_tablet=&#8221;22px&#8221; body_font_size_phone=&#8221;19px&#8221; body_font_size_last_edited=&#8221;on|tablet&#8221; background_last_edited=&#8221;on|phone&#8221; background_image_tablet=&#8221;https:\/\/godtime.godloves.me\/wp-content\/uploads\/2021\/10\/Partenerschaften_2560_930-1.jpg&#8221; background_image_phone=&#8221;https:\/\/godtime.godloves.me\/wp-content\/uploads\/2021\/10\/Partenerschaften_2000_900.jpg&#8221; background_enable_image_tablet=&#8221;on&#8221; background_enable_image_phone=&#8221;on&#8221; parallax_tablet=&#8221;off&#8221; parallax_phone=&#8221;off&#8221; header_text_shadow_style=&#8221;preset3&#8243; header_text_shadow_horizontal_length=&#8221;0.1em&#8221; header_text_shadow_vertical_length=&#8221;0.1em&#8221; header_text_shadow_color=&#8221;#000000&#8243; body_text_shadow_style=&#8221;preset3&#8243; body_text_shadow_horizontal_length=&#8221;0.1em&#8221; body_text_shadow_vertical_length=&#8221;0.1em&#8221; body_text_shadow_color=&#8221;#000000&#8243; global_colors_info=&#8221;{}&#8221; sticky_transition=&#8221;on&#8221;]<\/p>\n<p>A nossa rede para ligar as pessoas a Deus<\/p>\n<p>[\/et_pb_slide][\/et_pb_fullwidth_slider][\/et_pb_section][et_pb_section fb_built=&#8221;1&#8243; _builder_version=&#8221;4.8.1&#8243; _module_preset=&#8221;default&#8221; background_color=&#8221;#DDD5BE&#8221; custom_padding=&#8221;30px||32px|||&#8221; global_colors_info=&#8221;{}&#8221;][et_pb_row _builder_version=&#8221;4.8.1&#8243; _module_preset=&#8221;default&#8221; background_color=&#8221;#DDD5BE&#8221; custom_margin=&#8221;||||false|false&#8221; custom_margin_tablet=&#8221;||||false|false&#8221; custom_margin_phone=&#8221;||||false|false&#8221; custom_margin_last_edited=&#8221;on|desktop&#8221; custom_padding=&#8221;30px||30px||false|false&#8221; border_color_all=&#8221;#998269&#8243; global_colors_info=&#8221;{}&#8221;][et_pb_column type=&#8221;4_4&#8243; _builder_version=&#8221;4.11.2&#8243; _module_preset=&#8221;default&#8221; global_colors_info=&#8221;{}&#8221;][et_pb_text _builder_version=&#8221;4.14.1&#8243; _module_preset=&#8221;default&#8221; text_line_height=&#8221;2em&#8221; global_colors_info=&#8221;{}&#8221;]<\/p>\n<p>Como uma organiza\u00e7\u00e3o mission\u00e1ria msd, acreditamos que Deus constr\u00f3i a sua igreja localmente. \u00c9 por isso que n\u00e3o enviamos os nossos pr\u00f3prios mission\u00e1rios nos nossos pa\u00edses alvo, mas trabalhamos de perto com crist\u00e3os locais, igrejas e minist\u00e9rios para que as pessoas experimentem pessoalmente Deus.<br \/>\nA nossa rede permite-nos fornecer escrituras, canais digitais e apoio pr\u00e1tico para o trabalho no terreno.<\/p>\n<p>[\/et_pb_text][et_pb_text _builder_version=&#8221;4.14.1&#8243; _module_preset=&#8221;default&#8221; header_2_font_size=&#8221;32px&#8221; header_2_font_size_tablet=&#8221;32px&#8221; header_2_font_size_phone=&#8221;32px&#8221; header_2_font_size_last_edited=&#8221;on|tablet&#8221; global_colors_info=&#8221;{}&#8221;]<\/p>\n<p><h2>Empresas<\/h2>\n<\/p>\n<p>[\/et_pb_text][\/et_pb_column][\/et_pb_row][et_pb_row column_structure=&#8221;1_3,1_3,1_3&#8243; _builder_version=&#8221;4.11.2&#8243; _module_preset=&#8221;default&#8221; custom_padding=&#8221;0px||0px||false|false&#8221; global_colors_info=&#8221;{}&#8221;][et_pb_column type=&#8221;1_3&#8243; _builder_version=&#8221;4.11.2&#8243; _module_preset=&#8221;default&#8221; global_colors_info=&#8221;{}&#8221;][et_pb_image src=&#8221;https:\/\/godtime.godloves.me\/wp-content\/uploads\/2021\/10\/its_logo-300&#215;68.png&#8221; title_text=&#8221;its_logo&#8221; url=&#8221;https:\/\/www.it-to-serve.ch\/&#8221; url_new_window=&#8221;on&#8221; _builder_version=&#8221;4.11.2&#8243; _module_preset=&#8221;default&#8221; width=&#8221;75%&#8221; custom_margin=&#8221;40px||60px||false|false&#8221; global_colors_info=&#8221;{}&#8221;][\/et_pb_image][et_pb_image src=&#8221;https:\/\/godtime.godloves.me\/wp-content\/uploads\/2021\/10\/bibletunes_logo_grey_v3-300&#215;107.png&#8221; title_text=&#8221;bibletunes_logo_grey_v3&#8243; url=&#8221;http:\/\/bibletunes.de\/&#8221; url_new_window=&#8221;on&#8221; _builder_version=&#8221;4.14.1&#8243; _module_preset=&#8221;default&#8221; module_alignment=&#8221;left&#8221; custom_padding=&#8221;||||false|false&#8221; global_colors_info=&#8221;{}&#8221;][\/et_pb_image][et_pb_image src=&#8221;https:\/\/godtime.godloves.me\/wp-content\/uploads\/2021\/10\/dmd_logo-300&#215;69.webp&#8221; title_text=&#8221;dmd_logo&#8221; url=&#8221;https:\/\/www.dmd-productions.ch&#8221; url_new_window=&#8221;on&#8221; _builder_version=&#8221;4.11.2&#8243; _module_preset=&#8221;default&#8221; global_colors_info=&#8221;{}&#8221;][\/et_pb_image][\/et_pb_column][et_pb_column type=&#8221;1_3&#8243; _builder_version=&#8221;4.11.2&#8243; _module_preset=&#8221;default&#8221; global_colors_info=&#8221;{}&#8221;][et_pb_image src=&#8221;https:\/\/godtime.godloves.me\/wp-content\/uploads\/2021\/10\/biblica_logo_tagline_stacked_right_blue-300&#215;88.png&#8221; title_text=&#8221;biblica_logo_tagline_stacked_right_blue&#8221; url=&#8221;https:\/\/www.biblica.com\/&#8221; url_new_window=&#8221;on&#8221; _builder_version=&#8221;4.11.2&#8243; _module_preset=&#8221;default&#8221; custom_margin=&#8221;30px||30px||false|false&#8221; global_colors_info=&#8221;{}&#8221;][\/et_pb_image][et_pb_image src=&#8221;https:\/\/godtime.godloves.me\/wp-content\/uploads\/2021\/10\/Biblia_logo.png&#8221; title_text=&#8221;Biblia_logo&#8221; url=&#8221;https:\/\/biblia.pt\/&#8221; url_new_window=&#8221;on&#8221; _builder_version=&#8221;4.11.2&#8243; _module_preset=&#8221;default&#8221; width=&#8221;70%&#8221; custom_margin=&#8221;50px||||false|false&#8221; global_colors_info=&#8221;{}&#8221;][\/et_pb_image][\/et_pb_column][et_pb_column type=&#8221;1_3&#8243; _builder_version=&#8221;4.11.2&#8243; _module_preset=&#8221;default&#8221; global_colors_info=&#8221;{}&#8221;][et_pb_image src=&#8221;https:\/\/godtime.godloves.me\/wp-content\/uploads\/2021\/10\/YouVersion_logo1-300&#215;83.png&#8221; title_text=&#8221;YouVersion_logo1&#8243; url=&#8221;https:\/\/www.bible.com\/de&#8221; url_new_window=&#8221;on&#8221; _builder_version=&#8221;4.11.2&#8243; _module_preset=&#8221;default&#8221; custom_margin=&#8221;37px||40px||false|false&#8221; global_colors_info=&#8221;{}&#8221;][\/et_pb_image][et_pb_image src=&#8221;https:\/\/godtime.godloves.me\/wp-content\/uploads\/2021\/10\/1200px-BibleServer-logo-300&#215;90.png&#8221; title_text=&#8221;1200px-BibleServer-logo&#8221; url=&#8221;https:\/\/www.bibleserver.com\/&#8221; url_new_window=&#8221;on&#8221; _builder_version=&#8221;4.11.2&#8243; _module_preset=&#8221;default&#8221; global_colors_info=&#8221;{}&#8221;][\/et_pb_image][et_pb_image src=&#8221;https:\/\/godtime.godloves.me\/wp-content\/uploads\/2021\/10\/white-on-blue-300&#215;104.png&#8221; title_text=&#8221;white-on-blue&#8221; url=&#8221;https:\/\/dasbibelprojekt.visiomedia.org\/&#8221; url_new_window=&#8221;on&#8221; _builder_version=&#8221;4.11.2&#8243; _module_preset=&#8221;default&#8221; global_colors_info=&#8221;{}&#8221;][\/et_pb_image][\/et_pb_column][\/et_pb_row][et_pb_row _builder_version=&#8221;4.11.2&#8243; _module_preset=&#8221;default&#8221; custom_margin=&#8221;0px||0px||false|false&#8221; custom_padding=&#8221;0px||0px||false|false&#8221; global_colors_info=&#8221;{}&#8221;][et_pb_column type=&#8221;4_4&#8243; _builder_version=&#8221;4.11.2&#8243; _module_preset=&#8221;default&#8221; global_colors_info=&#8221;{}&#8221;][et_pb_text _builder_version=&#8221;4.14.1&#8243; _module_preset=&#8221;default&#8221; header_2_font_size=&#8221;33px&#8221; header_2_font_size_tablet=&#8221;33px&#8221; header_2_font_size_phone=&#8221;33px&#8221; header_2_font_size_last_edited=&#8221;on|desktop&#8221; global_colors_info=&#8221;{}&#8221;]<\/p>\n<h2>Minist\u00e9rios<\/h2>\n<\/p>\n<p>[\/et_pb_text][\/et_pb_column][\/et_pb_row][et_pb_row column_structure=&#8221;1_3,1_3,1_3&#8243; _builder_version=&#8221;4.11.2&#8243; _module_preset=&#8221;default&#8221; custom_padding=&#8221;0px||0px||false|false&#8221; global_colors_info=&#8221;{}&#8221;][et_pb_column type=&#8221;1_3&#8243; _builder_version=&#8221;4.11.2&#8243; _module_preset=&#8221;default&#8221; global_colors_info=&#8221;{}&#8221;][et_pb_image src=&#8221;https:\/\/godtime.godloves.me\/wp-content\/uploads\/2021\/10\/billy-graham-evengelical-mission-300&#215;130.png&#8221; title_text=&#8221;billy-graham-evengelical-mission&#8221; url=&#8221;https:\/\/billygraham.org\/&#8221; url_new_window=&#8221;on&#8221; _builder_version=&#8221;4.11.2&#8243; _module_preset=&#8221;default&#8221; width=&#8221;70%&#8221; global_colors_info=&#8221;{}&#8221;][\/et_pb_image][\/et_pb_column][et_pb_column type=&#8221;1_3&#8243; _builder_version=&#8221;4.11.2&#8243; _module_preset=&#8221;default&#8221; global_colors_info=&#8221;{}&#8221;][et_pb_image src=&#8221;https:\/\/godtime.godloves.me\/wp-content\/uploads\/2021\/10\/gfc_ostmission_logo.jpg&#8221; title_text=&#8221;gfc_ostmission_logo&#8221; url=&#8221;https:\/\/www.citestebiblia.com\/&#8221; url_new_window=&#8221;on&#8221; _builder_version=&#8221;4.14.6&#8243; _module_preset=&#8221;default&#8221; custom_margin=&#8221;30px||||false|false&#8221; hover_enabled=&#8221;0&#8243; global_colors_info=&#8221;{}&#8221; sticky_enabled=&#8221;0&#8243;][\/et_pb_image][\/et_pb_column][et_pb_column type=&#8221;1_3&#8243; _builder_version=&#8221;4.11.2&#8243; _module_preset=&#8221;default&#8221; global_colors_info=&#8221;{}&#8221;][\/et_pb_column][\/et_pb_row][\/et_pb_section]<\/p>\n","protected":false},"excerpt":{"rendered":"<p>A nossa rede para ligar as pessoas a DeusComo uma organiza\u00e7\u00e3o mission\u00e1ria msd, acreditamos que Deus constr\u00f3i a sua igreja localmente. \u00c9 por isso que n\u00e3o enviamos os nossos pr\u00f3prios mission\u00e1rios nos nossos pa\u00edses alvo, mas trabalhamos de perto com crist\u00e3os locais, igrejas e minist\u00e9rios para que as pessoas experimentem pessoalmente Deus. A nossa rede [&hellip;]<\/p>\n","protected":false},"author":186,"featured_media":0,"parent":0,"menu_order":11,"comment_status":"closed","ping_status":"closed","template":"","meta":{"_et_pb_use_builder":"on","_et_pb_old_content":"","_et_gb_content_width":"","footnotes":""},"class_list":["post-11791","page","type-page","status-publish","hentry"],"yoast_head":"<!-- This site is optimized with the Yoast SEO plugin v27.2 - https:\/\/yoast.com\/product\/yoast-seo-wordpress\/ -->\n<title>Parcerias - GODtime<\/title>\n<meta name=\"robots\" content=\"index, follow, max-snippet:-1, max-image-preview:large, max-video-preview:-1\" \/>\n<link rel=\"canonical\" href=\"https:\/\/godtime.online\/partnerschaften\/\" \/>\n<meta property=\"og:locale\" content=\"pt_PT\" \/>\n<meta property=\"og:type\" content=\"article\" \/>\n<meta property=\"og:title\" content=\"Parcerias - GODtime\" \/>\n<meta property=\"og:description\" content=\"A nossa rede para ligar as pessoas a DeusComo uma organiza\u00e7\u00e3o mission\u00e1ria msd, acreditamos que Deus constr\u00f3i a sua igreja localmente. \u00c9 por isso que n\u00e3o enviamos os nossos pr\u00f3prios mission\u00e1rios nos nossos pa\u00edses alvo, mas trabalhamos de perto com crist\u00e3os locais, igrejas e minist\u00e9rios para que as pessoas experimentem pessoalmente Deus. A nossa rede [&hellip;]\" \/>\n<meta property=\"og:url\" content=\"https:\/\/godtime.online\/partnerschaften\/\" \/>\n<meta property=\"og:site_name\" content=\"GODtime\" \/>\n<meta property=\"article:modified_time\" content=\"2022-01-26T08:10:53+00:00\" \/>\n<meta name=\"twitter:card\" content=\"summary_large_image\" \/>\n<meta name=\"twitter:label1\" content=\"Tempo estimado de leitura\" \/>\n\t<meta name=\"twitter:data1\" content=\"6 minutos\" \/>\n<script type=\"application\/ld+json\" class=\"yoast-schema-graph\">{\"@context\":\"https:\/\/schema.org\",\"@graph\":[{\"@type\":\"WebPage\",\"@id\":\"https:\/\/godtime.online\/partnerschaften\/\",\"url\":\"https:\/\/godtime.online\/partnerschaften\/\",\"name\":\"Parcerias - GODtime\",\"isPartOf\":{\"@id\":\"https:\/\/godtime.online\/#website\"},\"datePublished\":\"2021-11-24T10:38:22+00:00\",\"dateModified\":\"2022-01-26T08:10:53+00:00\",\"breadcrumb\":{\"@id\":\"https:\/\/godtime.online\/partnerschaften\/#breadcrumb\"},\"inLanguage\":\"pt-PT\",\"potentialAction\":[{\"@type\":\"ReadAction\",\"target\":[\"https:\/\/godtime.online\/partnerschaften\/\"]}]},{\"@type\":\"BreadcrumbList\",\"@id\":\"https:\/\/godtime.online\/partnerschaften\/#breadcrumb\",\"itemListElement\":[{\"@type\":\"ListItem\",\"position\":1,\"name\":\"Startseite\",\"item\":\"https:\/\/godtime.online\/pt-pt\/\"},{\"@type\":\"ListItem\",\"position\":2,\"name\":\"Parcerias\"}]},{\"@type\":\"WebSite\",\"@id\":\"https:\/\/godtime.online\/#website\",\"url\":\"https:\/\/godtime.online\/\",\"name\":\"GODtime\",\"description\":\"Cursos B\u00edblicos\",\"potentialAction\":[{\"@type\":\"SearchAction\",\"target\":{\"@type\":\"EntryPoint\",\"urlTemplate\":\"https:\/\/godtime.online\/?s={search_term_string}\"},\"query-input\":{\"@type\":\"PropertyValueSpecification\",\"valueRequired\":true,\"valueName\":\"search_term_string\"}}],\"inLanguage\":\"pt-PT\"}]}<\/script>\n<!-- \/ Yoast SEO plugin. -->","yoast_head_json":{"title":"Parcerias - GODtime","robots":{"index":"index","follow":"follow","max-snippet":"max-snippet:-1","max-image-preview":"max-image-preview:large","max-video-preview":"max-video-preview:-1"},"canonical":"https:\/\/godtime.online\/partnerschaften\/","og_locale":"pt_PT","og_type":"article","og_title":"Parcerias - GODtime","og_description":"A nossa rede para ligar as pessoas a DeusComo uma organiza\u00e7\u00e3o mission\u00e1ria msd, acreditamos que Deus constr\u00f3i a sua igreja localmente. \u00c9 por isso que n\u00e3o enviamos os nossos pr\u00f3prios mission\u00e1rios nos nossos pa\u00edses alvo, mas trabalhamos de perto com crist\u00e3os locais, igrejas e minist\u00e9rios para que as pessoas experimentem pessoalmente Deus. A nossa rede [&hellip;]","og_url":"https:\/\/godtime.online\/partnerschaften\/","og_site_name":"GODtime","article_modified_time":"2022-01-26T08:10:53+00:00","twitter_card":"summary_large_image","twitter_misc":{"Tempo estimado de leitura":"6 minutos"},"schema":{"@context":"https:\/\/schema.org","@graph":[{"@type":"WebPage","@id":"https:\/\/godtime.online\/partnerschaften\/","url":"https:\/\/godtime.online\/partnerschaften\/","name":"Parcerias - GODtime","isPartOf":{"@id":"https:\/\/godtime.online\/#website"},"datePublished":"2021-11-24T10:38:22+00:00","dateModified":"2022-01-26T08:10:53+00:00","breadcrumb":{"@id":"https:\/\/godtime.online\/partnerschaften\/#breadcrumb"},"inLanguage":"pt-PT","potentialAction":[{"@type":"ReadAction","target":["https:\/\/godtime.online\/partnerschaften\/"]}]},{"@type":"BreadcrumbList","@id":"https:\/\/godtime.online\/partnerschaften\/#breadcrumb","itemListElement":[{"@type":"ListItem","position":1,"name":"Startseite","item":"https:\/\/godtime.online\/pt-pt\/"},{"@type":"ListItem","position":2,"name":"Parcerias"}]},{"@type":"WebSite","@id":"https:\/\/godtime.online\/#website","url":"https:\/\/godtime.online\/","name":"GODtime","description":"Cursos B\u00edblicos","potentialAction":[{"@type":"SearchAction","target":{"@type":"EntryPoint","urlTemplate":"https:\/\/godtime.online\/?s={search_term_string}"},"query-input":{"@type":"PropertyValueSpecification","valueRequired":true,"valueName":"search_term_string"}}],"inLanguage":"pt-PT"}]}},"_links":{"self":[{"href":"https:\/\/godtime.online\/pt-pt\/wp-json\/wp\/v2\/pages\/11791","targetHints":{"allow":["GET"]}}],"collection":[{"href":"https:\/\/godtime.online\/pt-pt\/wp-json\/wp\/v2\/pages"}],"about":[{"href":"https:\/\/godtime.online\/pt-pt\/wp-json\/wp\/v2\/types\/page"}],"author":[{"embeddable":true,"href":"https:\/\/godtime.online\/pt-pt\/wp-json\/wp\/v2\/users\/186"}],"replies":[{"embeddable":true,"href":"https:\/\/godtime.online\/pt-pt\/wp-json\/wp\/v2\/comments?post=11791"}],"version-history":[{"count":0,"href":"https:\/\/godtime.online\/pt-pt\/wp-json\/wp\/v2\/pages\/11791\/revisions"}],"wp:attachment":[{"href":"https:\/\/godtime.online\/pt-pt\/wp-json\/wp\/v2\/media?parent=11791"}],"curies":[{"name":"wp","href":"https:\/\/api.w.org\/{rel}","templated":true}]}}