{"id":11785,"date":"2021-11-24T10:33:21","date_gmt":"2021-11-24T10:33:21","guid":{"rendered":"https:\/\/godtime.godloves.me\/partenariats\/"},"modified":"2022-01-26T08:15:44","modified_gmt":"2022-01-26T08:15:44","slug":"partenariats","status":"publish","type":"page","link":"https:\/\/godtime.online\/fr\/partenariats\/","title":{"rendered":"Partenariats"},"content":{"rendered":"<p>[et_pb_section fb_built=\u00a0\u00bb1&Prime; fullwidth=\u00a0\u00bbon\u00a0\u00bb _builder_version=\u00a0\u00bb4.11.2&Prime; _module_preset=\u00a0\u00bbdefault\u00a0\u00bb background_enable_image=\u00a0\u00bboff\u00a0\u00bb global_colors_info=\u00a0\u00bb{}\u00a0\u00bb][et_pb_fullwidth_slider _builder_version=\u00a0\u00bb4.11.2&Prime; _module_preset=\u00a0\u00bbdefault\u00a0\u00bb background_enable_image=\u00a0\u00bboff\u00a0\u00bb custom_padding=\u00a0\u00bb137px|||||\u00a0\u00bb background_last_edited=\u00a0\u00bbon|desktop\u00a0\u00bb background_enable_image_phone=\u00a0\u00bboff\u00a0\u00bb global_colors_info=\u00a0\u00bb{}\u00a0\u00bb][et_pb_slide heading=\u00a0\u00bbPartenariats\u00a0\u00bb _builder_version=\u00a0\u00bb4.11.2&Prime; _module_preset=\u00a0\u00bbdefault\u00a0\u00bb header_level=\u00a0\u00bbh2&Prime; header_font=\u00a0\u00bbBarlow|700|||||||\u00a0\u00bb header_font_size=\u00a0\u00bb60px\u00a0\u00bb header_letter_spacing=\u00a0\u00bb2px\u00a0\u00bb header_line_height=\u00a0\u00bb1.2em\u00a0\u00bb body_font=\u00a0\u00bbBarlow|500|||||||\u00a0\u00bb body_text_color=\u00a0\u00bb#FFFFFF\u00a0\u00bb body_font_size=\u00a0\u00bb22px\u00a0\u00bb body_letter_spacing=\u00a0\u00bb1px\u00a0\u00bb background_image=\u00a0\u00bbhttps:\/\/godtime.godloves.me\/wp-content\/uploads\/2021\/10\/Partenerschaften_2560_930-1.jpg\u00a0\u00bb background_enable_image=\u00a0\u00bbon\u00a0\u00bb custom_padding=\u00a0\u00bb||||false|false\u00a0\u00bb custom_padding_tablet=\u00a0\u00bb||||false|false\u00a0\u00bb custom_padding_phone=\u00a0\u00bb100px||100px||false|false\u00a0\u00bb custom_padding_last_edited=\u00a0\u00bbon|phone\u00a0\u00bb header_font_size_tablet=\u00a0\u00bb60px\u00a0\u00bb header_font_size_phone=\u00a0\u00bb36px\u00a0\u00bb header_font_size_last_edited=\u00a0\u00bbon|phone\u00a0\u00bb header_letter_spacing_tablet=\u00a0\u00bb\u00a0\u00bb header_letter_spacing_phone=\u00a0\u00bb1px\u00a0\u00bb header_letter_spacing_last_edited=\u00a0\u00bbon|desktop\u00a0\u00bb header_line_height_tablet=\u00a0\u00bb\u00a0\u00bb header_line_height_phone=\u00a0\u00bb\u00a0\u00bb header_line_height_last_edited=\u00a0\u00bbon|phone\u00a0\u00bb body_font_size_tablet=\u00a0\u00bb22px\u00a0\u00bb body_font_size_phone=\u00a0\u00bb19px\u00a0\u00bb body_font_size_last_edited=\u00a0\u00bbon|tablet\u00a0\u00bb background_last_edited=\u00a0\u00bbon|phone\u00a0\u00bb background_image_tablet=\u00a0\u00bbhttps:\/\/godtime.godloves.me\/wp-content\/uploads\/2021\/10\/Partenerschaften_2560_930-1.jpg\u00a0\u00bb background_image_phone=\u00a0\u00bbhttps:\/\/godtime.godloves.me\/wp-content\/uploads\/2021\/10\/Partenerschaften_2000_900.jpg\u00a0\u00bb background_enable_image_tablet=\u00a0\u00bbon\u00a0\u00bb background_enable_image_phone=\u00a0\u00bbon\u00a0\u00bb parallax_tablet=\u00a0\u00bboff\u00a0\u00bb parallax_phone=\u00a0\u00bboff\u00a0\u00bb header_text_shadow_style=\u00a0\u00bbpreset3&Prime; header_text_shadow_horizontal_length=\u00a0\u00bb0.1em\u00a0\u00bb header_text_shadow_vertical_length=\u00a0\u00bb0.1em\u00a0\u00bb header_text_shadow_color=\u00a0\u00bb#000000&Prime; body_text_shadow_style=\u00a0\u00bbpreset3&Prime; body_text_shadow_horizontal_length=\u00a0\u00bb0.1em\u00a0\u00bb body_text_shadow_vertical_length=\u00a0\u00bb0.1em\u00a0\u00bb body_text_shadow_color=\u00a0\u00bb#000000&Prime; global_colors_info=\u00a0\u00bb{}\u00a0\u00bb sticky_transition=\u00a0\u00bbon\u00a0\u00bb]<\/p>\n<p>Notre r\u00e9seau pour relier les gens \u00e0 Dieu<\/p>\n<p>[\/et_pb_slide][\/et_pb_fullwidth_slider][\/et_pb_section][et_pb_section fb_built=\u00a0\u00bb1&Prime; _builder_version=\u00a0\u00bb4.8.1&Prime; _module_preset=\u00a0\u00bbdefault\u00a0\u00bb background_color=\u00a0\u00bb#DDD5BE\u00a0\u00bb custom_padding=\u00a0\u00bb30px||32px|||\u00a0\u00bb global_colors_info=\u00a0\u00bb{}\u00a0\u00bb][et_pb_row _builder_version=\u00a0\u00bb4.8.1&Prime; _module_preset=\u00a0\u00bbdefault\u00a0\u00bb background_color=\u00a0\u00bb#DDD5BE\u00a0\u00bb custom_margin=\u00a0\u00bb||||false|false\u00a0\u00bb custom_margin_tablet=\u00a0\u00bb||||false|false\u00a0\u00bb custom_margin_phone=\u00a0\u00bb||||false|false\u00a0\u00bb custom_margin_last_edited=\u00a0\u00bbon|desktop\u00a0\u00bb custom_padding=\u00a0\u00bb30px||30px||false|false\u00a0\u00bb border_color_all=\u00a0\u00bb#998269&Prime; global_colors_info=\u00a0\u00bb{}\u00a0\u00bb][et_pb_column type=\u00a0\u00bb4_4&Prime; _builder_version=\u00a0\u00bb4.11.2&Prime; _module_preset=\u00a0\u00bbdefault\u00a0\u00bb global_colors_info=\u00a0\u00bb{}\u00a0\u00bb][et_pb_text _builder_version=\u00a0\u00bb4.14.1&Prime; _module_preset=\u00a0\u00bbdefault\u00a0\u00bb text_line_height=\u00a0\u00bb2em\u00a0\u00bb global_colors_info=\u00a0\u00bb{}\u00a0\u00bb]<\/p>\n<p>En tant qu&rsquo;\u0153uvre missionnaire msd, nous croyons que Dieu b\u00e2tit son \u00e9glise sur place. C&rsquo;est pourquoi nous n&rsquo;envoyons pas nos propres missionnaires dans nos pays cibles, mais travaillons en \u00e9troite collaboration avec des chr\u00e9tiens locaux, des \u00e9glises et des \u0153uvres afin que les gens puissent faire l&rsquo;exp\u00e9rience de Dieu personnellement.<br \/>\nNotre r\u00e9seau nous permet de fournir des \u00e9crits, des canaux num\u00e9riques et un soutien pratique pour le travail sur place.<\/p>\n<p>[\/et_pb_text][et_pb_text _builder_version=\u00a0\u00bb4.14.1&Prime; _module_preset=\u00a0\u00bbdefault\u00a0\u00bb header_2_font_size=\u00a0\u00bb32px\u00a0\u00bb header_2_font_size_tablet=\u00a0\u00bb32px\u00a0\u00bb header_2_font_size_phone=\u00a0\u00bb32px\u00a0\u00bb header_2_font_size_last_edited=\u00a0\u00bbon|tablet\u00a0\u00bb global_colors_info=\u00a0\u00bb{}\u00a0\u00bb]<\/p>\n<p><h2>Entreprises<\/h2>\n<\/p>\n<p>[\/et_pb_text][\/et_pb_column][\/et_pb_row][et_pb_row column_structure=\u00a0\u00bb1_3,1_3,1_3&Prime; _builder_version=\u00a0\u00bb4.11.2&Prime; _module_preset=\u00a0\u00bbdefault\u00a0\u00bb custom_padding=\u00a0\u00bb0px||0px||false|false\u00a0\u00bb global_colors_info=\u00a0\u00bb{}\u00a0\u00bb][et_pb_column type=\u00a0\u00bb1_3&Prime; _builder_version=\u00a0\u00bb4.11.2&Prime; _module_preset=\u00a0\u00bbdefault\u00a0\u00bb global_colors_info=\u00a0\u00bb{}\u00a0\u00bb][et_pb_image src=\u00a0\u00bbhttps:\/\/godtime.godloves.me\/wp-content\/uploads\/2021\/10\/its_logo-300&#215;68.png\u00a0\u00bb title_text=\u00a0\u00bbits_logo\u00a0\u00bb url=\u00a0\u00bbhttps:\/\/www.it-to-serve.ch\/\u00a0\u00bb url_new_window=\u00a0\u00bbon\u00a0\u00bb _builder_version=\u00a0\u00bb4.11.2&Prime; _module_preset=\u00a0\u00bbdefault\u00a0\u00bb width=\u00a0\u00bb75%\u00a0\u00bb custom_margin=\u00a0\u00bb40px||60px||false|false\u00a0\u00bb global_colors_info=\u00a0\u00bb{}\u00a0\u00bb][\/et_pb_image][et_pb_image src=\u00a0\u00bbhttps:\/\/godtime.godloves.me\/wp-content\/uploads\/2021\/10\/bibletunes_logo_grey_v3-300&#215;107.png\u00a0\u00bb title_text=\u00a0\u00bbbibletunes_logo_grey_v3&Prime; url=\u00a0\u00bbhttp:\/\/bibletunes.de\/\u00a0\u00bb url_new_window=\u00a0\u00bbon\u00a0\u00bb _builder_version=\u00a0\u00bb4.14.1&Prime; _module_preset=\u00a0\u00bbdefault\u00a0\u00bb module_alignment=\u00a0\u00bbleft\u00a0\u00bb custom_padding=\u00a0\u00bb||||false|false\u00a0\u00bb global_colors_info=\u00a0\u00bb{}\u00a0\u00bb][\/et_pb_image][et_pb_image src=\u00a0\u00bbhttps:\/\/godtime.godloves.me\/wp-content\/uploads\/2021\/10\/dmd_logo-300&#215;69.webp\u00a0\u00bb title_text=\u00a0\u00bbdmd_logo\u00a0\u00bb url=\u00a0\u00bbhttps:\/\/www.dmd-productions.ch\u00a0\u00bb url_new_window=\u00a0\u00bbon\u00a0\u00bb _builder_version=\u00a0\u00bb4.11.2&Prime; _module_preset=\u00a0\u00bbdefault\u00a0\u00bb global_colors_info=\u00a0\u00bb{}\u00a0\u00bb][\/et_pb_image][\/et_pb_column][et_pb_column type=\u00a0\u00bb1_3&Prime; _builder_version=\u00a0\u00bb4.11.2&Prime; _module_preset=\u00a0\u00bbdefault\u00a0\u00bb global_colors_info=\u00a0\u00bb{}\u00a0\u00bb][et_pb_image src=\u00a0\u00bbhttps:\/\/godtime.godloves.me\/wp-content\/uploads\/2021\/10\/biblica_logo_tagline_stacked_right_blue-300&#215;88.png\u00a0\u00bb title_text=\u00a0\u00bbbiblica_logo_tagline_stacked_right_blue\u00a0\u00bb url=\u00a0\u00bbhttps:\/\/www.biblica.com\/\u00a0\u00bb url_new_window=\u00a0\u00bbon\u00a0\u00bb _builder_version=\u00a0\u00bb4.11.2&Prime; _module_preset=\u00a0\u00bbdefault\u00a0\u00bb custom_margin=\u00a0\u00bb30px||30px||false|false\u00a0\u00bb global_colors_info=\u00a0\u00bb{}\u00a0\u00bb][\/et_pb_image][et_pb_image src=\u00a0\u00bbhttps:\/\/godtime.godloves.me\/wp-content\/uploads\/2021\/10\/Biblia_logo.png\u00a0\u00bb title_text=\u00a0\u00bbBiblia_logo\u00a0\u00bb url=\u00a0\u00bbhttps:\/\/biblia.pt\/\u00a0\u00bb url_new_window=\u00a0\u00bbon\u00a0\u00bb _builder_version=\u00a0\u00bb4.11.2&Prime; _module_preset=\u00a0\u00bbdefault\u00a0\u00bb width=\u00a0\u00bb70%\u00a0\u00bb custom_margin=\u00a0\u00bb50px||||false|false\u00a0\u00bb global_colors_info=\u00a0\u00bb{}\u00a0\u00bb][\/et_pb_image][\/et_pb_column][et_pb_column type=\u00a0\u00bb1_3&Prime; _builder_version=\u00a0\u00bb4.11.2&Prime; _module_preset=\u00a0\u00bbdefault\u00a0\u00bb global_colors_info=\u00a0\u00bb{}\u00a0\u00bb][et_pb_image src=\u00a0\u00bbhttps:\/\/godtime.godloves.me\/wp-content\/uploads\/2021\/10\/YouVersion_logo1-300&#215;83.png\u00a0\u00bb title_text=\u00a0\u00bbYouVersion_logo1&Prime; url=\u00a0\u00bbhttps:\/\/www.bible.com\/de\u00a0\u00bb url_new_window=\u00a0\u00bbon\u00a0\u00bb _builder_version=\u00a0\u00bb4.11.2&Prime; _module_preset=\u00a0\u00bbdefault\u00a0\u00bb custom_margin=\u00a0\u00bb37px||40px||false|false\u00a0\u00bb global_colors_info=\u00a0\u00bb{}\u00a0\u00bb][\/et_pb_image][et_pb_image src=\u00a0\u00bbhttps:\/\/godtime.godloves.me\/wp-content\/uploads\/2021\/10\/1200px-BibleServer-logo-300&#215;90.png\u00a0\u00bb title_text=\u00a0\u00bb1200px-BibleServer-logo\u00a0\u00bb url=\u00a0\u00bbhttps:\/\/www.bibleserver.com\/\u00a0\u00bb url_new_window=\u00a0\u00bbon\u00a0\u00bb _builder_version=\u00a0\u00bb4.11.2&Prime; _module_preset=\u00a0\u00bbdefault\u00a0\u00bb global_colors_info=\u00a0\u00bb{}\u00a0\u00bb][\/et_pb_image][et_pb_image src=\u00a0\u00bbhttps:\/\/godtime.godloves.me\/wp-content\/uploads\/2021\/10\/white-on-blue-300&#215;104.png\u00a0\u00bb title_text=\u00a0\u00bbwhite-on-blue\u00a0\u00bb url=\u00a0\u00bbhttps:\/\/dasbibelprojekt.visiomedia.org\/\u00a0\u00bb url_new_window=\u00a0\u00bbon\u00a0\u00bb _builder_version=\u00a0\u00bb4.11.2&Prime; _module_preset=\u00a0\u00bbdefault\u00a0\u00bb global_colors_info=\u00a0\u00bb{}\u00a0\u00bb][\/et_pb_image][\/et_pb_column][\/et_pb_row][et_pb_row _builder_version=\u00a0\u00bb4.11.2&Prime; _module_preset=\u00a0\u00bbdefault\u00a0\u00bb custom_margin=\u00a0\u00bb0px||0px||false|false\u00a0\u00bb custom_padding=\u00a0\u00bb0px||0px||false|false\u00a0\u00bb global_colors_info=\u00a0\u00bb{}\u00a0\u00bb][et_pb_column type=\u00a0\u00bb4_4&Prime; _builder_version=\u00a0\u00bb4.11.2&Prime; _module_preset=\u00a0\u00bbdefault\u00a0\u00bb global_colors_info=\u00a0\u00bb{}\u00a0\u00bb][et_pb_text _builder_version=\u00a0\u00bb4.14.1&Prime; _module_preset=\u00a0\u00bbdefault\u00a0\u00bb header_2_font_size=\u00a0\u00bb33px\u00a0\u00bb header_2_font_size_tablet=\u00a0\u00bb33px\u00a0\u00bb header_2_font_size_phone=\u00a0\u00bb33px\u00a0\u00bb header_2_font_size_last_edited=\u00a0\u00bbon|desktop\u00a0\u00bb global_colors_info=\u00a0\u00bb{}\u00a0\u00bb]<\/p>\n<h2>\u0152uvres<\/h2>\n<\/p>\n<p>[\/et_pb_text][\/et_pb_column][\/et_pb_row][et_pb_row column_structure=\u00a0\u00bb1_3,1_3,1_3&Prime; _builder_version=\u00a0\u00bb4.11.2&Prime; _module_preset=\u00a0\u00bbdefault\u00a0\u00bb custom_padding=\u00a0\u00bb0px||0px||false|false\u00a0\u00bb global_colors_info=\u00a0\u00bb{}\u00a0\u00bb][et_pb_column type=\u00a0\u00bb1_3&Prime; _builder_version=\u00a0\u00bb4.11.2&Prime; _module_preset=\u00a0\u00bbdefault\u00a0\u00bb global_colors_info=\u00a0\u00bb{}\u00a0\u00bb][et_pb_image src=\u00a0\u00bbhttps:\/\/godtime.godloves.me\/wp-content\/uploads\/2021\/10\/billy-graham-evengelical-mission-300&#215;130.png\u00a0\u00bb title_text=\u00a0\u00bbbilly-graham-evengelical-mission\u00a0\u00bb url=\u00a0\u00bbhttps:\/\/billygraham.org\/\u00a0\u00bb url_new_window=\u00a0\u00bbon\u00a0\u00bb _builder_version=\u00a0\u00bb4.11.2&Prime; _module_preset=\u00a0\u00bbdefault\u00a0\u00bb width=\u00a0\u00bb70%\u00a0\u00bb global_colors_info=\u00a0\u00bb{}\u00a0\u00bb][\/et_pb_image][\/et_pb_column][et_pb_column type=\u00a0\u00bb1_3&Prime; _builder_version=\u00a0\u00bb4.11.2&Prime; _module_preset=\u00a0\u00bbdefault\u00a0\u00bb global_colors_info=\u00a0\u00bb{}\u00a0\u00bb][et_pb_image src=\u00a0\u00bbhttps:\/\/godtime.godloves.me\/wp-content\/uploads\/2021\/10\/gfc_ostmission_logo.jpg\u00a0\u00bb title_text=\u00a0\u00bbgfc_ostmission_logo\u00a0\u00bb url=\u00a0\u00bbhttps:\/\/www.citestebiblia.com\/\u00a0\u00bb url_new_window=\u00a0\u00bbon\u00a0\u00bb _builder_version=\u00a0\u00bb4.14.6&Prime; _module_preset=\u00a0\u00bbdefault\u00a0\u00bb custom_margin=\u00a0\u00bb30px||||false|false\u00a0\u00bb hover_enabled=\u00a0\u00bb0&Prime; global_colors_info=\u00a0\u00bb{}\u00a0\u00bb sticky_enabled=\u00a0\u00bb0&Prime;][\/et_pb_image][\/et_pb_column][et_pb_column type=\u00a0\u00bb1_3&Prime; _builder_version=\u00a0\u00bb4.11.2&Prime; _module_preset=\u00a0\u00bbdefault\u00a0\u00bb global_colors_info=\u00a0\u00bb{}\u00a0\u00bb][\/et_pb_column][\/et_pb_row][\/et_pb_section]<\/p>\n","protected":false},"excerpt":{"rendered":"<p>Notre r\u00e9seau pour relier les gens \u00e0 DieuEn tant qu&rsquo;\u0153uvre missionnaire msd, nous croyons que Dieu b\u00e2tit son \u00e9glise sur place. C&rsquo;est pourquoi nous n&rsquo;envoyons pas nos propres missionnaires dans nos pays cibles, mais travaillons en \u00e9troite collaboration avec des chr\u00e9tiens locaux, des \u00e9glises et des \u0153uvres afin que les gens puissent faire l&rsquo;exp\u00e9rience de [&hellip;]<\/p>\n","protected":false},"author":186,"featured_media":0,"parent":0,"menu_order":11,"comment_status":"closed","ping_status":"closed","template":"","meta":{"_et_pb_use_builder":"on","_et_pb_old_content":"","_et_gb_content_width":"","footnotes":""},"class_list":["post-11785","page","type-page","status-publish","hentry"],"yoast_head":"<!-- This site is optimized with the Yoast SEO plugin v27.2 - https:\/\/yoast.com\/product\/yoast-seo-wordpress\/ -->\n<title>Partenariats - GODtime<\/title>\n<meta name=\"robots\" content=\"index, follow, max-snippet:-1, max-image-preview:large, max-video-preview:-1\" \/>\n<link rel=\"canonical\" href=\"https:\/\/godtime.online\/partnerschaften\/\" \/>\n<meta property=\"og:locale\" content=\"fr_FR\" \/>\n<meta property=\"og:type\" content=\"article\" \/>\n<meta property=\"og:title\" content=\"Partenariats - GODtime\" \/>\n<meta property=\"og:description\" content=\"Notre r\u00e9seau pour relier les gens \u00e0 DieuEn tant qu&#039;\u0153uvre missionnaire msd, nous croyons que Dieu b\u00e2tit son \u00e9glise sur place. C&#039;est pourquoi nous n&#039;envoyons pas nos propres missionnaires dans nos pays cibles, mais travaillons en \u00e9troite collaboration avec des chr\u00e9tiens locaux, des \u00e9glises et des \u0153uvres afin que les gens puissent faire l&#039;exp\u00e9rience de [&hellip;]\" \/>\n<meta property=\"og:url\" content=\"https:\/\/godtime.online\/partnerschaften\/\" \/>\n<meta property=\"og:site_name\" content=\"GODtime\" \/>\n<meta property=\"article:modified_time\" content=\"2022-01-26T08:15:44+00:00\" \/>\n<meta name=\"twitter:card\" content=\"summary_large_image\" \/>\n<meta name=\"twitter:label1\" content=\"Dur\u00e9e de lecture estim\u00e9e\" \/>\n\t<meta name=\"twitter:data1\" content=\"6 minutes\" \/>\n<script type=\"application\/ld+json\" class=\"yoast-schema-graph\">{\"@context\":\"https:\/\/schema.org\",\"@graph\":[{\"@type\":\"WebPage\",\"@id\":\"https:\/\/godtime.online\/partnerschaften\/\",\"url\":\"https:\/\/godtime.online\/partnerschaften\/\",\"name\":\"Partenariats - GODtime\",\"isPartOf\":{\"@id\":\"https:\/\/godtime.online\/#website\"},\"datePublished\":\"2021-11-24T10:33:21+00:00\",\"dateModified\":\"2022-01-26T08:15:44+00:00\",\"breadcrumb\":{\"@id\":\"https:\/\/godtime.online\/partnerschaften\/#breadcrumb\"},\"inLanguage\":\"fr-FR\",\"potentialAction\":[{\"@type\":\"ReadAction\",\"target\":[\"https:\/\/godtime.online\/partnerschaften\/\"]}]},{\"@type\":\"BreadcrumbList\",\"@id\":\"https:\/\/godtime.online\/partnerschaften\/#breadcrumb\",\"itemListElement\":[{\"@type\":\"ListItem\",\"position\":1,\"name\":\"Startseite\",\"item\":\"https:\/\/godtime.online\/fr\/\"},{\"@type\":\"ListItem\",\"position\":2,\"name\":\"Partenariats\"}]},{\"@type\":\"WebSite\",\"@id\":\"https:\/\/godtime.online\/#website\",\"url\":\"https:\/\/godtime.online\/\",\"name\":\"GODtime\",\"description\":\"Cours de la Bible\",\"potentialAction\":[{\"@type\":\"SearchAction\",\"target\":{\"@type\":\"EntryPoint\",\"urlTemplate\":\"https:\/\/godtime.online\/?s={search_term_string}\"},\"query-input\":{\"@type\":\"PropertyValueSpecification\",\"valueRequired\":true,\"valueName\":\"search_term_string\"}}],\"inLanguage\":\"fr-FR\"}]}<\/script>\n<!-- \/ Yoast SEO plugin. -->","yoast_head_json":{"title":"Partenariats - GODtime","robots":{"index":"index","follow":"follow","max-snippet":"max-snippet:-1","max-image-preview":"max-image-preview:large","max-video-preview":"max-video-preview:-1"},"canonical":"https:\/\/godtime.online\/partnerschaften\/","og_locale":"fr_FR","og_type":"article","og_title":"Partenariats - GODtime","og_description":"Notre r\u00e9seau pour relier les gens \u00e0 DieuEn tant qu'\u0153uvre missionnaire msd, nous croyons que Dieu b\u00e2tit son \u00e9glise sur place. C'est pourquoi nous n'envoyons pas nos propres missionnaires dans nos pays cibles, mais travaillons en \u00e9troite collaboration avec des chr\u00e9tiens locaux, des \u00e9glises et des \u0153uvres afin que les gens puissent faire l'exp\u00e9rience de [&hellip;]","og_url":"https:\/\/godtime.online\/partnerschaften\/","og_site_name":"GODtime","article_modified_time":"2022-01-26T08:15:44+00:00","twitter_card":"summary_large_image","twitter_misc":{"Dur\u00e9e de lecture estim\u00e9e":"6 minutes"},"schema":{"@context":"https:\/\/schema.org","@graph":[{"@type":"WebPage","@id":"https:\/\/godtime.online\/partnerschaften\/","url":"https:\/\/godtime.online\/partnerschaften\/","name":"Partenariats - GODtime","isPartOf":{"@id":"https:\/\/godtime.online\/#website"},"datePublished":"2021-11-24T10:33:21+00:00","dateModified":"2022-01-26T08:15:44+00:00","breadcrumb":{"@id":"https:\/\/godtime.online\/partnerschaften\/#breadcrumb"},"inLanguage":"fr-FR","potentialAction":[{"@type":"ReadAction","target":["https:\/\/godtime.online\/partnerschaften\/"]}]},{"@type":"BreadcrumbList","@id":"https:\/\/godtime.online\/partnerschaften\/#breadcrumb","itemListElement":[{"@type":"ListItem","position":1,"name":"Startseite","item":"https:\/\/godtime.online\/fr\/"},{"@type":"ListItem","position":2,"name":"Partenariats"}]},{"@type":"WebSite","@id":"https:\/\/godtime.online\/#website","url":"https:\/\/godtime.online\/","name":"GODtime","description":"Cours de la Bible","potentialAction":[{"@type":"SearchAction","target":{"@type":"EntryPoint","urlTemplate":"https:\/\/godtime.online\/?s={search_term_string}"},"query-input":{"@type":"PropertyValueSpecification","valueRequired":true,"valueName":"search_term_string"}}],"inLanguage":"fr-FR"}]}},"_links":{"self":[{"href":"https:\/\/godtime.online\/fr\/wp-json\/wp\/v2\/pages\/11785","targetHints":{"allow":["GET"]}}],"collection":[{"href":"https:\/\/godtime.online\/fr\/wp-json\/wp\/v2\/pages"}],"about":[{"href":"https:\/\/godtime.online\/fr\/wp-json\/wp\/v2\/types\/page"}],"author":[{"embeddable":true,"href":"https:\/\/godtime.online\/fr\/wp-json\/wp\/v2\/users\/186"}],"replies":[{"embeddable":true,"href":"https:\/\/godtime.online\/fr\/wp-json\/wp\/v2\/comments?post=11785"}],"version-history":[{"count":0,"href":"https:\/\/godtime.online\/fr\/wp-json\/wp\/v2\/pages\/11785\/revisions"}],"wp:attachment":[{"href":"https:\/\/godtime.online\/fr\/wp-json\/wp\/v2\/media?parent=11785"}],"curies":[{"name":"wp","href":"https:\/\/api.w.org\/{rel}","templated":true}]}}