{"id":5089,"date":"2021-04-26T08:40:25","date_gmt":"2021-04-26T08:40:25","guid":{"rendered":"https:\/\/godtime.godloves.me\/bienvenido-2\/"},"modified":"2025-06-20T08:35:06","modified_gmt":"2025-06-20T08:35:06","slug":"bienvenido-2","status":"publish","type":"page","link":"https:\/\/godtime.online\/es\/","title":{"rendered":"GODtime"},"content":{"rendered":"<p>[et_pb_section fb_built=\u00bb1&#8243; _builder_version=\u00bb4.26.0&#8243; _module_preset=\u00bbdefault\u00bb background_image=\u00bbhttps:\/\/godtime.online\/wp-content\/uploads\/2021\/06\/bible-2690295_schmal-1024&#215;318.jpg\u00bb height=\u00bb600px\u00bb height_tablet=\u00bb500px\u00bb height_phone=\u00bb450px\u00bb height_last_edited=\u00bbon|tablet\u00bb custom_margin=\u00bb0px||0px||false|false\u00bb custom_padding=\u00bb0px||0px||false|false\u00bb da_disable_devices=\u00bboff|off|off\u00bb global_colors_info=\u00bb{}\u00bb da_is_popup=\u00bboff\u00bb da_exit_intent=\u00bboff\u00bb da_has_close=\u00bbon\u00bb da_alt_close=\u00bboff\u00bb da_dark_close=\u00bboff\u00bb da_not_modal=\u00bbon\u00bb da_is_singular=\u00bboff\u00bb da_with_loader=\u00bboff\u00bb da_has_shadow=\u00bbon\u00bb][et_pb_row _builder_version=\u00bb4.16&#8243; _module_preset=\u00bbdefault\u00bb width=\u00bb100%\u00bb max_width=\u00bb2560px\u00bb height=\u00bb350px\u00bb custom_margin=\u00bb0px||0px||false|false\u00bb custom_padding=\u00bb0px||0px||false|false\u00bb global_colors_info=\u00bb{}\u00bb][et_pb_column type=\u00bb4_4&#8243; _builder_version=\u00bb4.16&#8243; _module_preset=\u00bbdefault\u00bb global_colors_info=\u00bb{}\u00bb][et_pb_image src=\u00bbhttps:\/\/godtime.online\/wp-content\/uploads\/2021\/06\/godtime_orange_600dpi-1-300&#215;300.png\u00bb title_text=\u00bbgodtime_orange_600dpi\u00bb src_tablet=\u00bbhttps:\/\/godtime.godloves.me\/wp-content\/uploads\/2021\/06\/godtime_orange_600dpi-1-300&#215;300.png\u00bb src_phone=\u00bbhttps:\/\/godtime.godloves.me\/wp-content\/uploads\/2021\/06\/godtime_orange_600dpi-1-300&#215;300.png\u00bb src_last_edited=\u00bbon|phone\u00bb align_tablet=\u00bbcenter\u00bb align_phone=\u00bbcenter\u00bb align_last_edited=\u00bbon|desktop\u00bb _builder_version=\u00bb4.26.0&#8243; _module_preset=\u00bbdefault\u00bb module_alignment=\u00bbcenter\u00bb height=\u00bb300px\u00bb height_tablet=\u00bb250px\u00bb height_phone=\u00bb200px\u00bb height_last_edited=\u00bbon|desktop\u00bb custom_margin=\u00bb0px|50px|0px|0px|false|false\u00bb custom_margin_tablet=\u00bb0px||0px|0px|false|false\u00bb custom_margin_phone=\u00bb0px|0px|0px|0px|false|false\u00bb custom_margin_last_edited=\u00bbon|desktop\u00bb custom_padding=\u00bb25px|25px|0px|25px|false|false\u00bb module_alignment_tablet=\u00bbcenter\u00bb module_alignment_phone=\u00bbcenter\u00bb module_alignment_last_edited=\u00bbon|phone\u00bb global_colors_info=\u00bb{}\u00bb][\/et_pb_image][\/et_pb_column][\/et_pb_row][\/et_pb_section][et_pb_section fb_built=\u00bb1&#8243; _builder_version=\u00bb4.16&#8243; _module_preset=\u00bbdefault\u00bb da_disable_devices=\u00bboff|off|off\u00bb global_colors_info=\u00bb{}\u00bb da_is_popup=\u00bboff\u00bb da_exit_intent=\u00bboff\u00bb da_has_close=\u00bbon\u00bb da_alt_close=\u00bboff\u00bb da_dark_close=\u00bboff\u00bb da_not_modal=\u00bbon\u00bb da_is_singular=\u00bboff\u00bb da_with_loader=\u00bboff\u00bb da_has_shadow=\u00bbon\u00bb][et_pb_row _builder_version=\u00bb4.16&#8243; _module_preset=\u00bbdefault\u00bb custom_padding=\u00bb45px||45px||false|false\u00bb global_colors_info=\u00bb{}\u00bb][et_pb_column type=\u00bb4_4&#8243; _builder_version=\u00bb4.16&#8243; _module_preset=\u00bbdefault\u00bb global_colors_info=\u00bb{}\u00bb][et_pb_text _builder_version=\u00bb4.19.4&#8243; _module_preset=\u00bbdefault\u00bb text_font=\u00bb||||||||\u00bb text_font_size=\u00bb22px\u00bb text_letter_spacing=\u00bb2px\u00bb text_line_height=\u00bb1.5em\u00bb text_orientation=\u00bbcenter\u00bb module_alignment=\u00bbcenter\u00bb global_colors_info=\u00bb{}\u00bb]<\/p>\n<p>Aqu\u00ed podr\u00e1s encontrar diversos cursos y v\u00eddeos sobre la Biblia<\/p>\n<p>[\/et_pb_text][\/et_pb_column][\/et_pb_row][\/et_pb_section][et_pb_section fb_built=\u00bb1&#8243; module_id=\u00bbgo1&#8243; _builder_version=\u00bb4.16&#8243; _module_preset=\u00bbdefault\u00bb background_color=\u00bb#DDD5BE\u00bb custom_padding=\u00bb30px||30px||false|false\u00bb da_disable_devices=\u00bboff|off|off\u00bb global_colors_info=\u00bb{}\u00bb da_is_popup=\u00bboff\u00bb da_exit_intent=\u00bboff\u00bb da_has_close=\u00bbon\u00bb da_alt_close=\u00bboff\u00bb da_dark_close=\u00bboff\u00bb da_not_modal=\u00bbon\u00bb da_is_singular=\u00bboff\u00bb da_with_loader=\u00bboff\u00bb da_has_shadow=\u00bbon\u00bb][et_pb_row _builder_version=\u00bb4.16&#8243; _module_preset=\u00bbdefault\u00bb custom_margin=\u00bb0px||0px||false|false\u00bb custom_padding=\u00bb30px||0px||false|false\u00bb global_colors_info=\u00bb{}\u00bb][et_pb_column type=\u00bb4_4&#8243; _builder_version=\u00bb4.16&#8243; _module_preset=\u00bbdefault\u00bb global_colors_info=\u00bb{}\u00bb][et_pb_text _builder_version=\u00bb4.19.4&#8243; _module_preset=\u00bbdefault\u00bb text_font=\u00bb|700|||||||\u00bb text_text_color=\u00bb#401212&#8243; text_font_size=\u00bb32px\u00bb text_letter_spacing=\u00bb2px\u00bb text_line_height=\u00bb1.5em\u00bb text_orientation=\u00bbcenter\u00bb custom_margin=\u00bb||10px||false|false\u00bb global_colors_info=\u00bb{}\u00bb]<\/p>\n<p>Conoce mejor a Dios a trav\u00e9s de la Biblia<\/p>\n<p>[\/et_pb_text][et_pb_text _builder_version=\u00bb4.19.4&#8243; _module_preset=\u00bbdefault\u00bb text_font=\u00bbBarlow||||||||\u00bb text_font_size=\u00bb18px\u00bb text_letter_spacing=\u00bb1px\u00bb text_line_height=\u00bb2em\u00bb text_orientation=\u00bbcenter\u00bb module_alignment=\u00bbcenter\u00bb custom_margin=\u00bb0px||0px||false|false\u00bb custom_padding=\u00bb0px||0px||false|false\u00bb global_colors_info=\u00bb{}\u00bb]<\/p>\n<p>D\u00e9jate inspirar y desafiar. Dios te ama. \u00c9l es real y lo puedes experimentar.<\/p>\n<p>[\/et_pb_text][\/et_pb_column][\/et_pb_row][et_pb_row column_structure=\u00bb1_2,1_2&#8243; _builder_version=\u00bb4.16&#8243; _module_preset=\u00bbdefault\u00bb background_color=\u00bbRGBA(0,0,0,0)\u00bb custom_margin=\u00bb30px||||false|false\u00bb custom_padding=\u00bb30px||30px||false|false\u00bb global_colors_info=\u00bb{}\u00bb][et_pb_column type=\u00bb1_2&#8243; _builder_version=\u00bb4.16&#8243; _module_preset=\u00bbdefault\u00bb global_colors_info=\u00bb{}\u00bb][et_pb_image src=\u00bbhttps:\/\/godtime.godloves.me\/wp-content\/uploads\/2021\/04\/Bibellesen_Brille-1024&#215;586.jpg\u00bb title_text=\u00bblectura_de_la_biblia_gafas_sepia\u00bb src_tablet=\u00bbhttps:\/\/godtime.godloves.me\/wp-content\/uploads\/2021\/04\/Bibellesen_Brille-1024&#215;586.jpg\u00bb src_phone=\u00bbhttps:\/\/godtime.online\/wp-content\/uploads\/2021\/06\/Bibellesen_Brille_sepia-1024&#215;586.jpg\u00bb src_last_edited=\u00bbon|phone\u00bb _builder_version=\u00bb4.27.3&#8243; _module_preset=\u00bbdefault\u00bb custom_margin=\u00bb0px||0px||false|false\u00bb global_colors_info=\u00bb{}\u00bb][\/et_pb_image][et_pb_accordion _builder_version=\u00bb4.19.4&#8243; _module_preset=\u00bbdefault\u00bb toggle_font=\u00bb|600|||||||\u00bb toggle_font_size=\u00bb17px\u00bb toggle_letter_spacing=\u00bb2px\u00bb toggle_line_height=\u00bb1.5em\u00bb body_font=\u00bb||||||||\u00bb body_line_height=\u00bb2em\u00bb custom_margin=\u00bb0px||0px||false|false\u00bb global_colors_info=\u00bb{}\u00bb][et_pb_accordion_item title=\u00bbCURSOS sobre la Biblia\u00bb open=\u00bbon\u00bb open_toggle_text_color=\u00bb#543D35&#8243; _builder_version=\u00bb4.19.4&#8243; _module_preset=\u00bbdefault\u00bb body_font=\u00bb||||||||\u00bb body_text_color=\u00bb#543D35&#8243; body_letter_spacing=\u00bb1px\u00bb text_orientation=\u00bbleft\u00bb custom_margin=\u00bb0px||0px||false|false\u00bb global_colors_info=\u00bb{}\u00bb toggle_font_size=\u00bb20px\u00bb]<\/p>\n<p>\u00bfEst\u00e1s interesado en aprender m\u00e1s sobre Dios, su plan para ti, sobre la Biblia y la fe cristiana? Los cursos te ayudar\u00e1n.<\/p>\n<p>[\/et_pb_accordion_item][\/et_pb_accordion][et_pb_button button_url=\u00bbhttps:\/\/godtime.online\/es\/cursos-y-modulos\/\u00bb button_text=\u00bbEMPIEZA AQU\u00cd\u00bb _builder_version=\u00bb4.27.4&#8243; _module_preset=\u00bbdefault\u00bb z_index=\u00bb1&#8243; custom_margin=\u00bb-15px||||false|false\u00bb global_colors_info=\u00bb{}\u00bb][\/et_pb_button][\/et_pb_column][et_pb_column type=\u00bb1_2&#8243; _builder_version=\u00bb4.16&#8243; _module_preset=\u00bbdefault\u00bb global_colors_info=\u00bb{}\u00bb][et_pb_image src=\u00bbhttps:\/\/godtime.godloves.me\/wp-content\/uploads\/2021\/04\/Filme_LUMO-1024&#215;581.jpg\u00bb title_text=\u00bbFilme_LUMO\u00bb src_tablet=\u00bbhttps:\/\/godtime.godloves.me\/wp-content\/uploads\/2021\/04\/Filme_LUMO-1024&#215;581.jpg\u00bb src_phone=\u00bbhttps:\/\/godtime.online\/wp-content\/uploads\/2021\/04\/Filme_LUMO-1024&#215;581.jpg\u00bb src_last_edited=\u00bbon|phone\u00bb _builder_version=\u00bb4.27.3&#8243; _module_preset=\u00bbdefault\u00bb custom_margin=\u00bb0px||0px||false|false\u00bb global_colors_info=\u00bb{}\u00bb][\/et_pb_image][et_pb_accordion _builder_version=\u00bb4.21.0&#8243; _module_preset=\u00bbdefault\u00bb toggle_font=\u00bb|600|||||||\u00bb toggle_font_size=\u00bb20px\u00bb toggle_letter_spacing=\u00bb2px\u00bb toggle_line_height=\u00bb1.5em\u00bb body_font=\u00bb||||||||\u00bb body_line_height=\u00bb2em\u00bb custom_margin=\u00bb0px||0px||false|false\u00bb global_colors_info=\u00bb{}\u00bb][et_pb_accordion_item title=\u00bbPEL\u00cdCULAS sobre la Biblia\u00bb open=\u00bbon\u00bb _builder_version=\u00bb4.21.0&#8243; _module_preset=\u00bbdefault\u00bb body_letter_spacing=\u00bb1px\u00bb custom_margin=\u00bb0px||0px||false|false\u00bb global_colors_info=\u00bb{}\u00bb toggle_font=\u00bb|600|||||||\u00bb]Las pel\u00edculas seleccionadas muestran una imagen aut\u00e9ntica de las personas y los acontecimientos descritos en la Biblia. Lo que Dios hace en la vida de estas personas muestra su amor por nosotros y revela su plan.[\/et_pb_accordion_item][\/et_pb_accordion][et_pb_button button_url=\u00bbhttps:\/\/godtime.online\/es\/peliculas-sobre-la-biblia\/\u00bb button_text=\u00bbEMPIEZA AQU\u00cd\u00bb _builder_version=\u00bb4.27.4&#8243; _module_preset=\u00bbdefault\u00bb z_index=\u00bb1&#8243; custom_margin=\u00bb-15px||||false|false\u00bb global_colors_info=\u00bb{}\u00bb][\/et_pb_button][\/et_pb_column][\/et_pb_row][\/et_pb_section][et_pb_section fb_built=\u00bb1&#8243; _builder_version=\u00bb4.16&#8243; _module_preset=\u00bbdefault\u00bb da_disable_devices=\u00bboff|off|off\u00bb global_colors_info=\u00bb{}\u00bb da_is_popup=\u00bboff\u00bb da_exit_intent=\u00bboff\u00bb da_has_close=\u00bbon\u00bb da_alt_close=\u00bboff\u00bb da_dark_close=\u00bboff\u00bb da_not_modal=\u00bbon\u00bb da_is_singular=\u00bboff\u00bb da_with_loader=\u00bboff\u00bb da_has_shadow=\u00bbon\u00bb][et_pb_row _builder_version=\u00bb4.19.4&#8243; _module_preset=\u00bbdefault\u00bb custom_padding=\u00bb45px||45px||false|false\u00bb global_colors_info=\u00bb{}\u00bb][et_pb_column type=\u00bb4_4&#8243; _builder_version=\u00bb4.16&#8243; _module_preset=\u00bbdefault\u00bb global_colors_info=\u00bb{}\u00bb][et_pb_testimonial author=\u00bbDeclaraci\u00f3n sobre la Biblia: Amalie von Gallitzin (1748 &#8211; 1806), princesa y escritora\u00bb quote_icon_color=\u00bb#B65534&#8243; quote_icon_background_color=\u00bb#FFFFFF\u00bb use_icon_font_size=\u00bbon\u00bb icon_font_size=\u00bb50px\u00bb _builder_version=\u00bb4.19.4&#8243; _module_preset=\u00bbdefault\u00bb body_font=\u00bbBarlow Semi Condensed|800|||||||\u00bb body_text_color=\u00bb#543D35&#8243; body_font_size=\u00bb26px\u00bb body_letter_spacing=\u00bb1px\u00bb author_font=\u00bb||||||||\u00bb author_text_color=\u00bb#543D35&#8243; author_letter_spacing=\u00bb1px\u00bb position_letter_spacing=\u00bb1px\u00bb company_letter_spacing=\u00bb1px\u00bb background_color=\u00bb#DDD5BE\u00bb text_orientation=\u00bbcenter\u00bb custom_margin=\u00bb60px||||false|false\u00bb box_shadow_style=\u00bbpreset2&#8243; box_shadow_blur=\u00bb7px\u00bb locked=\u00bboff\u00bb inline_fonts=\u00bbLora,Prompt\u00bb global_colors_info=\u00bb{}\u00bb]<\/p>\n<div class=\"entry-wrap\">\n<div class=\"entry-content\">\n<blockquote>\n<p>Este libro es un milagro mayor que todos los milagros de los que da testimonio<\/p>\n<\/div>\n<\/div>\n<p>[\/et_pb_testimonial][\/et_pb_column][\/et_pb_row][\/et_pb_section][et_pb_section fb_built=\u00bb1&#8243; _builder_version=\u00bb4.16&#8243; _module_preset=\u00bbdefault\u00bb custom_padding=\u00bb||60px||false|false\u00bb da_disable_devices=\u00bboff|off|off\u00bb global_colors_info=\u00bb{}\u00bb da_is_popup=\u00bboff\u00bb da_exit_intent=\u00bboff\u00bb da_has_close=\u00bbon\u00bb da_alt_close=\u00bboff\u00bb da_dark_close=\u00bboff\u00bb da_not_modal=\u00bbon\u00bb da_is_singular=\u00bboff\u00bb da_with_loader=\u00bboff\u00bb da_has_shadow=\u00bbon\u00bb][et_pb_row column_structure=\u00bb1_2,1_2&#8243; _builder_version=\u00bb4.19.4&#8243; _module_preset=\u00bbdefault\u00bb custom_margin=\u00bb30px||||false|false\u00bb custom_margin_tablet=\u00bb\u00bb custom_margin_phone=\u00bb\u00bb custom_margin_last_edited=\u00bbon|phone\u00bb custom_padding=\u00bb30px|0px|0px|0px|false|false\u00bb global_colors_info=\u00bb{}\u00bb][et_pb_column type=\u00bb1_2&#8243; _builder_version=\u00bb4.16&#8243; _module_preset=\u00bbdefault\u00bb global_colors_info=\u00bb{}\u00bb][et_pb_video src=\u00bbhttps:\/\/youtu.be\/TtVftahdG6M\u00bb _builder_version=\u00bb4.16&#8243; _module_preset=\u00bbdefault\u00bb custom_margin=\u00bb0px||0px||false|false\u00bb custom_padding=\u00bb0px||0px||false|false\u00bb global_colors_info=\u00bb{}\u00bb][\/et_pb_video][\/et_pb_column][et_pb_column type=\u00bb1_2&#8243; _builder_version=\u00bb4.16&#8243; _module_preset=\u00bbdefault\u00bb global_colors_info=\u00bb{}\u00bb][et_pb_accordion _builder_version=\u00bb4.19.4&#8243; _module_preset=\u00bbdefault\u00bb toggle_font=\u00bb|600|||||||\u00bb custom_margin=\u00bb0px||0px||false|false\u00bb custom_padding=\u00bb20px||||false|false\u00bb global_colors_info=\u00bb{}\u00bb][et_pb_accordion_item title=\u00bbSE ATREVI\u00d3 A CAMBIAR\u00bb open=\u00bbon\u00bb _builder_version=\u00bb4.19.4&#8243; _module_preset=\u00bbdefault\u00bb body_font=\u00bb||||||||\u00bb body_letter_spacing=\u00bb1px\u00bb body_line_height=\u00bb2em\u00bb custom_margin=\u00bb0px||0px||false|false\u00bb custom_padding=\u00bb||||false|false\u00bb global_colors_info=\u00bb{}\u00bb toggle_font=\u00bbBarlow||||||||\u00bb toggle_font_size=\u00bb16px\u00bb toggle_letter_spacing=\u00bb3px\u00bb toggle_letter_spacing_tablet=\u00bb\u00bb toggle_letter_spacing_phone=\u00bb2px\u00bb toggle_letter_spacing_last_edited=\u00bbon|phone\u00bb]<\/p>\n<p>Me gustar\u00eda invitarte a ver la historia de Salomen. Ella cuenta c\u00f3mo, despu\u00e9s de una larga b\u00fasqueda y recorrido, finalmente logr\u00f3 soltarse y confiar en Dios. (Subt\u00edtulos en espa\u00f1ol)<\/p>\n<p>[\/et_pb_accordion_item][\/et_pb_accordion][\/et_pb_column][\/et_pb_row][\/et_pb_section][et_pb_section fb_built=\u00bb1&#8243; _builder_version=\u00bb4.16&#8243; _module_preset=\u00bbdefault\u00bb da_disable_devices=\u00bboff|off|off\u00bb global_colors_info=\u00bb{}\u00bb da_is_popup=\u00bboff\u00bb da_exit_intent=\u00bboff\u00bb da_has_close=\u00bbon\u00bb da_alt_close=\u00bboff\u00bb da_dark_close=\u00bboff\u00bb da_not_modal=\u00bbon\u00bb da_is_singular=\u00bboff\u00bb da_with_loader=\u00bboff\u00bb da_has_shadow=\u00bbon\u00bb][et_pb_row column_structure=\u00bb1_3,1_3,1_3&#8243; _builder_version=\u00bb4.16&#8243; _module_preset=\u00bbdefault\u00bb background_color=\u00bb#DDD5BE\u00bb custom_margin=\u00bb30px||30px||false|false\u00bb custom_padding=\u00bb30px|30px|30px|30px|false|false\u00bb box_shadow_style=\u00bbpreset2&#8243; box_shadow_blur=\u00bb7px\u00bb global_colors_info=\u00bb{}\u00bb][et_pb_column type=\u00bb1_3&#8243; _builder_version=\u00bb4.16&#8243; _module_preset=\u00bbdefault\u00bb custom_padding=\u00bb|0px||0px|false|false\u00bb global_colors_info=\u00bb{}\u00bb][et_pb_accordion _builder_version=\u00bb4.19.4&#8243; _module_preset=\u00bbdefault\u00bb toggle_font=\u00bb|700|||||||\u00bb toggle_font_size=\u00bb26px\u00bb background_color=\u00bbRGBA(0,0,0,0)\u00bb width=\u00bb100%\u00bb custom_margin=\u00bb|0px||0px|false|false\u00bb custom_padding=\u00bb|0px||0px|false|false\u00bb global_colors_info=\u00bb{}\u00bb][et_pb_accordion_item title=\u00bbAplicaci\u00f3n de la Biblia\u00bb open=\u00bbon\u00bb _builder_version=\u00bb4.19.4&#8243; _module_preset=\u00bbdefault\u00bb body_font=\u00bb||||||||\u00bb body_letter_spacing=\u00bb1px\u00bb background_color=\u00bbRGBA(0,0,0,0)\u00bb background_enable_color=\u00bbon\u00bb module_alignment=\u00bbleft\u00bb custom_margin=\u00bb0px|0px|0px|0px|false|false\u00bb custom_padding=\u00bb0px|0px|0px|0px|false|false\u00bb border_width_all=\u00bb0px\u00bb global_colors_info=\u00bb{}\u00bb toggle_letter_spacing=\u00bb1px\u00bb]<\/p>\n<p>Para leer sobre la marcha en tu tel\u00e9fono m\u00f3vil, la aplicaci\u00f3n de la Biblia de YouVersion es una buena opci\u00f3n.<\/p>\n<p><a href=\"https:\/\/www.bible.com\/es\/app\" target=\"_blank\" rel=\"noopener noreferrer\" title=\"https:\/\/www.bible.com\/app\"><strong>https:\/\/www.bible.com\/app<\/strong><\/a><\/p>\n<p>[\/et_pb_accordion_item][\/et_pb_accordion][\/et_pb_column][et_pb_column type=\u00bb1_3&#8243; _builder_version=\u00bb4.16&#8243; _module_preset=\u00bbdefault\u00bb custom_padding=\u00bb|20px||20px|false|false\u00bb global_colors_info=\u00bb{}\u00bb][et_pb_image src=\u00bbhttps:\/\/godtime.godloves.me\/wp-content\/uploads\/2021\/03\/Button_GooglePlay_schwarz-300&#215;105.png\u00bb title_text=\u00bbButton_GooglePlay_schwarz\u00bb url=\u00bbhttps:\/\/play.google.com\/store\/apps\/details?id=com.sirma.mobile.bible.android&#038;_branch_match_id=897448643891028568&#038;utm_source=Bible.com&#038;utm_campaign=Quick%20Link%20-%20App%20Screen%20-%20Android&#038;utm_medium=quick-link\u00bb url_new_window=\u00bbon\u00bb _builder_version=\u00bb4.19.4&#8243; _module_preset=\u00bbdefault\u00bb width=\u00bb70%\u00bb width_tablet=\u00bb40%\u00bb width_phone=\u00bb70%\u00bb width_last_edited=\u00bbon|tablet\u00bb custom_margin=\u00bb0px||10px||false|false\u00bb custom_padding=\u00bb0px||0px||false|false\u00bb global_colors_info=\u00bb{}\u00bb][\/et_pb_image][et_pb_image src=\u00bbhttps:\/\/godtime.godloves.me\/wp-content\/uploads\/2021\/03\/apple_AppStore-300&#215;104.png\u00bb title_text=\u00bbapple_AppStore\u00bb url=\u00bbhttps:\/\/apps.apple.com\/app\/bible\/id282935706?_branch_match_id=897448643891028568&#038;utm_source=Bible.com&#038;utm_campaign=Quick%20Link%20-%20App%20Screen%20-%20iOS&#038;utm_medium=quick-link\u00bb url_new_window=\u00bbon\u00bb _builder_version=\u00bb4.19.4&#8243; _module_preset=\u00bbdefault\u00bb width=\u00bb70%\u00bb width_tablet=\u00bb40%\u00bb width_phone=\u00bb70%\u00bb width_last_edited=\u00bbon|desktop\u00bb custom_margin=\u00bb10px||10px||false|false\u00bb custom_padding=\u00bb0px||0px||false|false\u00bb global_colors_info=\u00bb{}\u00bb][\/et_pb_image][\/et_pb_column][et_pb_column type=\u00bb1_3&#8243; _builder_version=\u00bb4.16&#8243; _module_preset=\u00bbdefault\u00bb custom_padding=\u00bb|0px||0px|false|false\u00bb global_colors_info=\u00bb{}\u00bb][et_pb_accordion _builder_version=\u00bb4.19.4&#8243; _module_preset=\u00bbdefault\u00bb toggle_font=\u00bb|700|||||||\u00bb toggle_font_size=\u00bb26px\u00bb background_color=\u00bbRGBA(0,0,0,0)\u00bb width=\u00bb100%\u00bb custom_margin=\u00bb|0px||0px|false|false\u00bb custom_padding=\u00bb|0px||0px|false|false\u00bb global_colors_info=\u00bb{}\u00bb][et_pb_accordion_item title=\u00bbBiblia en l\u00ednea\u00bb open=\u00bbon\u00bb _builder_version=\u00bb4.19.4&#8243; _module_preset=\u00bbdefault\u00bb body_font=\u00bb||||||||\u00bb body_letter_spacing=\u00bb1px\u00bb background_color=\u00bbRGBA(0,0,0,0)\u00bb background_enable_color=\u00bbon\u00bb module_alignment=\u00bbleft\u00bb custom_margin=\u00bb0px|0px|0px|0px|false|false\u00bb custom_padding=\u00bb0px|0px|0px|0px|false|false\u00bb border_width_all=\u00bb0px\u00bb global_colors_info=\u00bb{}\u00bb toggle_letter_spacing=\u00bb1px\u00bb]<\/p>\n<p>Es posible comparar <strong>traducciones de la Biblia<\/strong> mostrando diferentes traducciones en paralelo en el ordenador.<\/p>\n<p><a href=\"https:\/\/www.bibleserver.com\/es\/\" target=\"_blank\" rel=\"noopener noreferrer\"><strong>https:\/\/www.bibleserver.com\/<\/strong> <\/a><\/p>\n<p>[\/et_pb_accordion_item][\/et_pb_accordion][\/et_pb_column][\/et_pb_row][\/et_pb_section]<\/p>\n","protected":false},"excerpt":{"rendered":"<p>Aqu\u00ed podr\u00e1s encontrar diversos cursos y v\u00eddeos sobre la BibliaConoce mejor a Dios a trav\u00e9s de la BibliaD\u00e9jate inspirar y desafiar. Dios te ama. \u00c9l es real y lo puedes experimentar.\u00bfEst\u00e1s interesado en aprender m\u00e1s sobre Dios, su plan para ti, sobre la Biblia y la fe cristiana? Los cursos te ayudar\u00e1n.Las pel\u00edculas seleccionadas muestran [&hellip;]<\/p>\n","protected":false},"author":186,"featured_media":0,"parent":0,"menu_order":10,"comment_status":"closed","ping_status":"closed","template":"","meta":{"_et_pb_use_builder":"on","_et_pb_old_content":"","_et_gb_content_width":"","footnotes":""},"class_list":["post-5089","page","type-page","status-publish","hentry"],"yoast_head":"<!-- This site is optimized with the Yoast SEO plugin v27.2 - https:\/\/yoast.com\/product\/yoast-seo-wordpress\/ -->\n<title>GODtime - GODtime<\/title>\n<meta name=\"robots\" content=\"index, follow, max-snippet:-1, max-image-preview:large, max-video-preview:-1\" \/>\n<link rel=\"canonical\" href=\"https:\/\/godtime.online\/es\/\" \/>\n<meta property=\"og:locale\" content=\"es_ES\" \/>\n<meta property=\"og:type\" content=\"article\" \/>\n<meta property=\"og:title\" content=\"GODtime - GODtime\" \/>\n<meta property=\"og:description\" content=\"Aqu\u00ed podr\u00e1s encontrar diversos cursos y v\u00eddeos sobre la BibliaConoce mejor a Dios a trav\u00e9s de la BibliaD\u00e9jate inspirar y desafiar. Dios te ama. \u00c9l es real y lo puedes experimentar.\u00bfEst\u00e1s interesado en aprender m\u00e1s sobre Dios, su plan para ti, sobre la Biblia y la fe cristiana? Los cursos te ayudar\u00e1n.Las pel\u00edculas seleccionadas muestran [&hellip;]\" \/>\n<meta property=\"og:url\" content=\"https:\/\/godtime.online\/es\/\" \/>\n<meta property=\"og:site_name\" content=\"GODtime\" \/>\n<meta property=\"article:modified_time\" content=\"2025-06-20T08:35:06+00:00\" \/>\n<meta name=\"twitter:card\" content=\"summary_large_image\" \/>\n<meta name=\"twitter:label1\" content=\"Tiempo de lectura\" \/>\n\t<meta name=\"twitter:data1\" content=\"11 minutos\" \/>\n<script type=\"application\/ld+json\" class=\"yoast-schema-graph\">{\"@context\":\"https:\/\/schema.org\",\"@graph\":[{\"@type\":\"WebPage\",\"@id\":\"https:\/\/godtime.online\/es\/\",\"url\":\"https:\/\/godtime.online\/es\/\",\"name\":\"GODtime - GODtime\",\"isPartOf\":{\"@id\":\"https:\/\/godtime.online\/#website\"},\"datePublished\":\"2021-04-26T08:40:25+00:00\",\"dateModified\":\"2025-06-20T08:35:06+00:00\",\"breadcrumb\":{\"@id\":\"https:\/\/godtime.online\/es\/#breadcrumb\"},\"inLanguage\":\"es\",\"potentialAction\":[{\"@type\":\"ReadAction\",\"target\":[\"https:\/\/godtime.online\/es\/\"]}]},{\"@type\":\"BreadcrumbList\",\"@id\":\"https:\/\/godtime.online\/es\/#breadcrumb\",\"itemListElement\":[{\"@type\":\"ListItem\",\"position\":1,\"name\":\"Startseite\",\"item\":\"https:\/\/godtime.online\/es\/\"},{\"@type\":\"ListItem\",\"position\":2,\"name\":\"GODtime\"}]},{\"@type\":\"WebSite\",\"@id\":\"https:\/\/godtime.online\/#website\",\"url\":\"https:\/\/godtime.online\/\",\"name\":\"GODtime\",\"description\":\"Cursos de Biblia\",\"potentialAction\":[{\"@type\":\"SearchAction\",\"target\":{\"@type\":\"EntryPoint\",\"urlTemplate\":\"https:\/\/godtime.online\/?s={search_term_string}\"},\"query-input\":{\"@type\":\"PropertyValueSpecification\",\"valueRequired\":true,\"valueName\":\"search_term_string\"}}],\"inLanguage\":\"es\"}]}<\/script>\n<!-- \/ Yoast SEO plugin. -->","yoast_head_json":{"title":"GODtime - GODtime","robots":{"index":"index","follow":"follow","max-snippet":"max-snippet:-1","max-image-preview":"max-image-preview:large","max-video-preview":"max-video-preview:-1"},"canonical":"https:\/\/godtime.online\/es\/","og_locale":"es_ES","og_type":"article","og_title":"GODtime - GODtime","og_description":"Aqu\u00ed podr\u00e1s encontrar diversos cursos y v\u00eddeos sobre la BibliaConoce mejor a Dios a trav\u00e9s de la BibliaD\u00e9jate inspirar y desafiar. Dios te ama. \u00c9l es real y lo puedes experimentar.\u00bfEst\u00e1s interesado en aprender m\u00e1s sobre Dios, su plan para ti, sobre la Biblia y la fe cristiana? Los cursos te ayudar\u00e1n.Las pel\u00edculas seleccionadas muestran [&hellip;]","og_url":"https:\/\/godtime.online\/es\/","og_site_name":"GODtime","article_modified_time":"2025-06-20T08:35:06+00:00","twitter_card":"summary_large_image","twitter_misc":{"Tiempo de lectura":"11 minutos"},"schema":{"@context":"https:\/\/schema.org","@graph":[{"@type":"WebPage","@id":"https:\/\/godtime.online\/es\/","url":"https:\/\/godtime.online\/es\/","name":"GODtime - GODtime","isPartOf":{"@id":"https:\/\/godtime.online\/#website"},"datePublished":"2021-04-26T08:40:25+00:00","dateModified":"2025-06-20T08:35:06+00:00","breadcrumb":{"@id":"https:\/\/godtime.online\/es\/#breadcrumb"},"inLanguage":"es","potentialAction":[{"@type":"ReadAction","target":["https:\/\/godtime.online\/es\/"]}]},{"@type":"BreadcrumbList","@id":"https:\/\/godtime.online\/es\/#breadcrumb","itemListElement":[{"@type":"ListItem","position":1,"name":"Startseite","item":"https:\/\/godtime.online\/es\/"},{"@type":"ListItem","position":2,"name":"GODtime"}]},{"@type":"WebSite","@id":"https:\/\/godtime.online\/#website","url":"https:\/\/godtime.online\/","name":"GODtime","description":"Cursos de Biblia","potentialAction":[{"@type":"SearchAction","target":{"@type":"EntryPoint","urlTemplate":"https:\/\/godtime.online\/?s={search_term_string}"},"query-input":{"@type":"PropertyValueSpecification","valueRequired":true,"valueName":"search_term_string"}}],"inLanguage":"es"}]}},"_links":{"self":[{"href":"https:\/\/godtime.online\/es\/wp-json\/wp\/v2\/pages\/5089","targetHints":{"allow":["GET"]}}],"collection":[{"href":"https:\/\/godtime.online\/es\/wp-json\/wp\/v2\/pages"}],"about":[{"href":"https:\/\/godtime.online\/es\/wp-json\/wp\/v2\/types\/page"}],"author":[{"embeddable":true,"href":"https:\/\/godtime.online\/es\/wp-json\/wp\/v2\/users\/186"}],"replies":[{"embeddable":true,"href":"https:\/\/godtime.online\/es\/wp-json\/wp\/v2\/comments?post=5089"}],"version-history":[{"count":5,"href":"https:\/\/godtime.online\/es\/wp-json\/wp\/v2\/pages\/5089\/revisions"}],"predecessor-version":[{"id":22014,"href":"https:\/\/godtime.online\/es\/wp-json\/wp\/v2\/pages\/5089\/revisions\/22014"}],"wp:attachment":[{"href":"https:\/\/godtime.online\/es\/wp-json\/wp\/v2\/media?parent=5089"}],"curies":[{"name":"wp","href":"https:\/\/api.w.org\/{rel}","templated":true}]}}